{"id":1678,"date":"2023-11-02T13:00:12","date_gmt":"2023-11-02T12:00:12","guid":{"rendered":"http:\/\/192-168-1-21.chenar.direct.quickconnect.to\/wordpress\/?page_id=1678"},"modified":"2024-03-21T11:55:04","modified_gmt":"2024-03-21T10:55:04","slug":"contact","status":"publish","type":"page","link":"https:\/\/www.quentindupressoir.fr\/en\/contact\/","title":{"rendered":"Contact"},"content":{"rendered":"<header class=\"wp-block-uagb-container uagb-block-58a53b34 alignfull uagb-is-root-container\">\n<div class=\"wp-block-cover is-light banner-full\"><span aria-hidden=\"true\" class=\"wp-block-cover__background has-background-dim-20 has-background-dim\"><\/span><img fetchpriority=\"high\" decoding=\"async\" width=\"2560\" height=\"1707\" class=\"wp-block-cover__image-background wp-image-2642\" alt=\"\" src=\"https:\/\/ml0fu7jiyn3s.i.optimole.com\/5UGPSCU-2SKU0Hhg\/w:auto\/h:auto\/cb:e6me.59ba\/f:best\/ig:avif\/q:mauto\/id:09631ac517fec0135f71bbd6392ffec6\/https:\/\/www.quentindupressoir.fr\/P4160387-scaled.jpg\" data-object-fit=\"cover\"\/><div class=\"wp-block-cover__inner-container\">\n<p class=\"has-text-align-center has-white-color has-text-color has-x-large-font-size\">CONTACT<\/p>\n<\/div><\/div>\n<\/header>\n\n\n\n<div class=\"wp-block-uagb-container uagb-block-91ad1cff alignfull uagb-is-root-container\"><div class=\"uagb-container-inner-blocks-wrap\">\n<div class=\"wp-block-uagb-container uagb-block-03a46ea8\">\n<div class=\"wp-block-uagb-advanced-heading uagb-block-63e2d3eb\"><h2 class=\"uagb-heading-text\">My contact details<\/h2><\/div>\n\n\n\n<div class=\"wp-block-uagb-icon-list uagb-block-44116dc2\"><div class=\"uagb-icon-list__wrap\">\n<div class=\"wp-block-uagb-icon-list-child uagb-block-08fc378c\"><span class=\"uagb-icon-list__source-wrap\"><svg xmlns=\"https:\/\/www.w3.org\/2000\/svg\" viewbox=\"0 0 640 512\"><path d=\"M480 192H592C618.5 192 640 213.5 640 240V464C640 490.5 618.5 512 592 512H48C21.49 512 0 490.5 0 464V144C0 117.5 21.49 96 48 96H64V24C64 10.75 74.75 0 88 0C101.3 0 112 10.75 112 24V96H176V24C176 10.75 186.7 0 200 0C213.3 0 224 10.75 224 24V96H288V48C288 21.49 309.5 0 336 0H432C458.5 0 480 21.49 480 48V192zM576 368C576 359.2 568.8 352 560 352H528C519.2 352 512 359.2 512 368V400C512 408.8 519.2 416 528 416H560C568.8 416 576 408.8 576 400V368zM240 416C248.8 416 256 408.8 256 400V368C256 359.2 248.8 352 240 352H208C199.2 352 192 359.2 192 368V400C192 408.8 199.2 416 208 416H240zM128 368C128 359.2 120.8 352 112 352H80C71.16 352 64 359.2 64 368V400C64 408.8 71.16 416 80 416H112C120.8 416 128 408.8 128 400V368zM528 256C519.2 256 512 263.2 512 272V304C512 312.8 519.2 320 528 320H560C568.8 320 576 312.8 576 304V272C576 263.2 568.8 256 560 256H528zM256 176C256 167.2 248.8 160 240 160H208C199.2 160 192 167.2 192 176V208C192 216.8 199.2 224 208 224H240C248.8 224 256 216.8 256 208V176zM80 160C71.16 160 64 167.2 64 176V208C64 216.8 71.16 224 80 224H112C120.8 224 128 216.8 128 208V176C128 167.2 120.8 160 112 160H80zM256 272C256 263.2 248.8 256 240 256H208C199.2 256 192 263.2 192 272V304C192 312.8 199.2 320 208 320H240C248.8 320 256 312.8 256 304V272zM112 320C120.8 320 128 312.8 128 304V272C128 263.2 120.8 256 112 256H80C71.16 256 64 263.2 64 272V304C64 312.8 71.16 320 80 320H112zM416 272C416 263.2 408.8 256 400 256H368C359.2 256 352 263.2 352 272V304C352 312.8 359.2 320 368 320H400C408.8 320 416 312.8 416 304V272zM368 64C359.2 64 352 71.16 352 80V112C352 120.8 359.2 128 368 128H400C408.8 128 416 120.8 416 112V80C416 71.16 408.8 64 400 64H368zM416 176C416 167.2 408.8 160 400 160H368C359.2 160 352 167.2 352 176V208C352 216.8 359.2 224 368 224H400C408.8 224 416 216.8 416 208V176z\"><\/path><\/svg><\/span><span class=\"uagb-icon-list__label\">Paris, France<\/span><\/div>\n\n\n\n<div class=\"wp-block-uagb-icon-list-child uagb-block-5e129cf8\"><span class=\"uagb-icon-list__source-wrap\"><svg xmlns=\"https:\/\/www.w3.org\/2000\/svg\" viewbox=\"0 0 512 512\"><path d=\"M511.2 387l-23.25 100.8c-3.266 14.25-15.79 24.22-30.46 24.22C205.2 512 0 306.8 0 54.5c0-14.66 9.969-27.2 24.22-30.45l100.8-23.25C139.7-2.602 154.7 5.018 160.8 18.92l46.52 108.5c5.438 12.78 1.77 27.67-8.98 36.45L144.5 207.1c33.98 69.22 90.26 125.5 159.5 159.5l44.08-53.8c8.688-10.78 23.69-14.51 36.47-8.975l108.5 46.51C506.1 357.2 514.6 372.4 511.2 387z\"><\/path><\/svg><\/span><span class=\"uagb-icon-list__label\">+33 6 46 24 28 23 \/ +1 487 587 0992<\/span><\/div>\n\n\n\n<div class=\"wp-block-uagb-icon-list-child uagb-block-7ba327be\"><span class=\"uagb-icon-list__source-wrap\"><svg xmlns=\"https:\/\/www.w3.org\/2000\/svg\" viewbox=\"0 0 512 512\"><path d=\"M464 64C490.5 64 512 85.49 512 112C512 127.1 504.9 141.3 492.8 150.4L275.2 313.6C263.8 322.1 248.2 322.1 236.8 313.6L19.2 150.4C7.113 141.3 0 127.1 0 112C0 85.49 21.49 64 48 64H464zM217.6 339.2C240.4 356.3 271.6 356.3 294.4 339.2L512 176V384C512 419.3 483.3 448 448 448H64C28.65 448 0 419.3 0 384V176L217.6 339.2z\"><\/path><\/svg><\/span><span class=\"uagb-icon-list__label\">contact@quentindupressoir.fr<\/span><\/div>\n<\/div><\/div>\n<\/div>\n\n\n\n<div class=\"wp-block-uagb-container uagb-block-fc82460d\">\n<div class=\"wp-block-uagb-forms uagb-forms__outer-wrap uagb-block-0edf2220 uagb-forms__medium-btn\"><form class=\"uagb-forms-main-form\" method=\"post\" autocomplete=\"on\" name=\"uagb-form-0edf2220\" action=\"\">\n<div class=\"wp-block-uagb-forms-name uagb-forms-name-wrap uagb-forms-field-set uagb-block-b2fdb738\"><div class=\"uagb-forms-name-label required uagb-forms-input-label\" id=\"b2fdb738\">First name<\/div><input type=\"text\" placeholder=\"John\" required class=\"uagb-forms-name-input uagb-forms-input\" name=\"b2fdb738\" autocomplete=\"given-name\"\/><\/div>\n\n\n\n<div class=\"wp-block-uagb-forms-name uagb-forms-name-wrap uagb-forms-field-set uagb-block-71aa3ab8\"><div class=\"uagb-forms-name-label required uagb-forms-input-label\" id=\"71aa3ab8\">Last name<\/div><input type=\"text\" placeholder=\"Doe\" required class=\"uagb-forms-name-input uagb-forms-input\" name=\"71aa3ab8\" autocomplete=\"family-name\"\/><\/div>\n\n\n\n<div class=\"wp-block-uagb-forms-email uagb-forms-email-wrap uagb-forms-field-set uagb-block-bd7cb00a\"><div class=\"uagb-forms-email-label required uagb-forms-input-label\" id=\"bd7cb00a\">E-mail<\/div><input type=\"email\" class=\"uagb-forms-email-input uagb-forms-input\" placeholder=\"exemple@mail.com\" required name=\"bd7cb00a\" autocomplete=\"email\"\/><\/div>\n\n\n\n<div class=\"wp-block-uagb-forms-textarea uagb-forms-textarea-wrap uagb-forms-field-set uagb-block-3e169972\"><div class=\"uagb-forms-textarea-label required uagb-forms-input-label\" id=\"3e169972\">Message<\/div><textarea required class=\"uagb-forms-textarea-input uagb-forms-input\" rows=\"4\" placeholder=\"Please enter your message\" name=\"3e169972\" autocomplete=\"off\"><\/textarea><\/div>\n<div class=\"uagb-forms-form-hidden-data\"><input type=\"hidden\" id=\"g-recaptcha-response\" class=\"uagb-forms-recaptcha\"\/><input type=\"hidden\" class=\"uagb_forms_form_label\" value=\"Formulaire Spectra\"\/><input type=\"hidden\" class=\"uagb_forms_form_id\" value=\"uagb-form-0edf2220\"\/><\/div><div class=\"uagb-form-reacaptcha-error-0edf2220\"><\/div><div class=\"uagb-forms-main-submit-button-wrap wp-block-button\"><button class=\"uagb-forms-main-submit-button wp-block-button__link\"><div class=\"uagb-forms-main-submit-button-text\">Send<\/div><\/button><\/div><input type=\"hidden\" name=\"trp-form-language\" value=\"en\"\/><\/form><div class=\"uagb-forms-success-message-0edf2220 uagb-forms-submit-message-hide\"><span>Le formulaire a bien \u00e9t\u00e9 envoy\u00e9\u00a0!<\/span><\/div><div class=\"uagb-forms-failed-message-0edf2220 uagb-forms-submit-message-hide\"><span>Une erreur s\u2019est produite lors de l\u2019envoi du formulaire. Veuillez v\u00e9rifier \u00e0 nouveau tous les champs du formulaire.<\/span><\/div><\/div>\n<\/div>\n<\/div><\/div>","protected":false},"excerpt":{"rendered":"<p>My contact details<\/p>","protected":false},"author":1,"featured_media":1744,"parent":0,"menu_order":0,"comment_status":"closed","ping_status":"closed","template":"elementor_header_footer","meta":{"_seopress_robots_primary_cat":"","_seopress_titles_title":"Quentin Dupressoir | Motion Design & Graphiste | Contact","_seopress_titles_desc":"Paris, France %%sep%% +33 6 46 24 28 23 \/ +1 487 587 0992 %%sep%% contact@quentindupressoir.fr ","_seopress_robots_index":"","_uag_custom_page_level_css":".banner-full{\n\twidth: 100%;\n}","ocean_post_layout":"","ocean_both_sidebars_style":"","ocean_both_sidebars_content_width":0,"ocean_both_sidebars_sidebars_width":0,"ocean_sidebar":"","ocean_second_sidebar":"","ocean_disable_margins":"enable","ocean_add_body_class":"","ocean_shortcode_before_top_bar":"","ocean_shortcode_after_top_bar":"","ocean_shortcode_before_header":"","ocean_shortcode_after_header":"","ocean_has_shortcode":"","ocean_shortcode_after_title":"","ocean_shortcode_before_footer_widgets":"","ocean_shortcode_after_footer_widgets":"","ocean_shortcode_before_footer_bottom":"","ocean_shortcode_after_footer_bottom":"","ocean_display_top_bar":"default","ocean_display_header":"default","ocean_header_style":"","ocean_center_header_left_menu":"","ocean_custom_header_template":"","ocean_custom_logo":0,"ocean_custom_retina_logo":0,"ocean_custom_logo_max_width":0,"ocean_custom_logo_tablet_max_width":0,"ocean_custom_logo_mobile_max_width":0,"ocean_custom_logo_max_height":0,"ocean_custom_logo_tablet_max_height":0,"ocean_custom_logo_mobile_max_height":0,"ocean_header_custom_menu":"","ocean_menu_typo_font_family":"","ocean_menu_typo_font_subset":"","ocean_menu_typo_font_size":0,"ocean_menu_typo_font_size_tablet":0,"ocean_menu_typo_font_size_mobile":0,"ocean_menu_typo_font_size_unit":"px","ocean_menu_typo_font_weight":"","ocean_menu_typo_font_weight_tablet":"","ocean_menu_typo_font_weight_mobile":"","ocean_menu_typo_transform":"","ocean_menu_typo_transform_tablet":"","ocean_menu_typo_transform_mobile":"","ocean_menu_typo_line_height":0,"ocean_menu_typo_line_height_tablet":0,"ocean_menu_typo_line_height_mobile":0,"ocean_menu_typo_line_height_unit":"","ocean_menu_typo_spacing":0,"ocean_menu_typo_spacing_tablet":0,"ocean_menu_typo_spacing_mobile":0,"ocean_menu_typo_spacing_unit":"","ocean_menu_link_color":"","ocean_menu_link_color_hover":"","ocean_menu_link_color_active":"","ocean_menu_link_background":"","ocean_menu_link_hover_background":"","ocean_menu_link_active_background":"","ocean_menu_social_links_bg":"","ocean_menu_social_hover_links_bg":"","ocean_menu_social_links_color":"","ocean_menu_social_hover_links_color":"","ocean_disable_title":"default","ocean_disable_heading":"default","ocean_post_title":"","ocean_post_subheading":"","ocean_post_title_style":"","ocean_post_title_background_color":"","ocean_post_title_background":0,"ocean_post_title_bg_image_position":"","ocean_post_title_bg_image_attachment":"","ocean_post_title_bg_image_repeat":"","ocean_post_title_bg_image_size":"","ocean_post_title_height":0,"ocean_post_title_bg_overlay":0.5,"ocean_post_title_bg_overlay_color":"","ocean_disable_breadcrumbs":"default","ocean_breadcrumbs_color":"","ocean_breadcrumbs_separator_color":"","ocean_breadcrumbs_links_color":"","ocean_breadcrumbs_links_hover_color":"","ocean_display_footer_widgets":"default","ocean_display_footer_bottom":"default","ocean_custom_footer_template":""},"uagb_featured_image_src":{"full":["https:\/\/ml0fu7jiyn3s.i.optimole.com\/cb:e6me.59ba\/w:auto\/h:auto\/q:mauto\/f:best\/ig:avif\/https:\/\/www.quentindupressoir.fr\/wp-content\/uploads\/2023\/11\/1627955740265-e1699831586486.jpg",500,751,false],"thumbnail":["https:\/\/ml0fu7jiyn3s.i.optimole.com\/cb:e6me.59ba\/w:150\/h:150\/q:mauto\/rt:fill\/g:ce\/f:best\/ig:avif\/https:\/\/www.quentindupressoir.fr\/wp-content\/uploads\/2023\/11\/1627955740265-e1699831586486.jpg",150,150,true],"medium":["https:\/\/ml0fu7jiyn3s.i.optimole.com\/cb:e6me.59ba\/w:200\/h:300\/q:mauto\/f:best\/ig:avif\/https:\/\/www.quentindupressoir.fr\/wp-content\/uploads\/2023\/11\/1627955740265-e1699831586486.jpg",200,300,true],"medium_large":["https:\/\/ml0fu7jiyn3s.i.optimole.com\/cb:e6me.59ba\/w:719\/h:1080\/q:mauto\/f:best\/ig:avif\/https:\/\/www.quentindupressoir.fr\/wp-content\/uploads\/2023\/11\/1627955740265.jpg",768,1153,true],"large":["https:\/\/ml0fu7jiyn3s.i.optimole.com\/cb:e6me.59ba\/w:682\/h:1024\/q:mauto\/f:best\/ig:avif\/https:\/\/www.quentindupressoir.fr\/wp-content\/uploads\/2023\/11\/1627955740265.jpg",682,1024,true],"1536x1536":["https:\/\/ml0fu7jiyn3s.i.optimole.com\/cb:e6me.59ba\/w:719\/h:1080\/q:mauto\/f:best\/ig:avif\/https:\/\/www.quentindupressoir.fr\/wp-content\/uploads\/2023\/11\/1627955740265.jpg",1023,1536,true],"2048x2048":["https:\/\/ml0fu7jiyn3s.i.optimole.com\/cb:e6me.59ba\/w:auto\/h:auto\/q:mauto\/f:best\/ig:avif\/https:\/\/www.quentindupressoir.fr\/wp-content\/uploads\/2023\/11\/1627955740265-e1699831586486.jpg",500,751,false],"trp-custom-language-flag":["https:\/\/ml0fu7jiyn3s.i.optimole.com\/cb:e6me.59ba\/w:auto\/h:auto\/q:mauto\/f:best\/ig:avif\/https:\/\/www.quentindupressoir.fr\/wp-content\/uploads\/2023\/11\/1627955740265-e1699831586486.jpg",8,12,false],"ocean-thumb-m":["https:\/\/ml0fu7jiyn3s.i.optimole.com\/cb:e6me.59ba\/w:auto\/h:auto\/q:mauto\/f:best\/ig:avif\/https:\/\/www.quentindupressoir.fr\/wp-content\/uploads\/2023\/11\/1627955740265-e1699831586486.jpg",399,600,false],"ocean-thumb-ml":["https:\/\/ml0fu7jiyn3s.i.optimole.com\/cb:e6me.59ba\/w:auto\/h:auto\/q:mauto\/f:best\/ig:avif\/https:\/\/www.quentindupressoir.fr\/wp-content\/uploads\/2023\/11\/1627955740265-e1699831586486.jpg",300,450,false],"ocean-thumb-l":["https:\/\/ml0fu7jiyn3s.i.optimole.com\/cb:e6me.59ba\/w:auto\/h:auto\/q:mauto\/f:best\/ig:avif\/https:\/\/www.quentindupressoir.fr\/wp-content\/uploads\/2023\/11\/1627955740265-e1699831586486.jpg",466,700,false]},"uagb_author_info":{"display_name":"Chenar","author_link":"https:\/\/www.quentindupressoir.fr\/en\/author\/chenar\/"},"uagb_comment_info":0,"uagb_excerpt":"Mes coordonn\u00e9es","_links":{"self":[{"href":"https:\/\/www.quentindupressoir.fr\/en\/wp-json\/wp\/v2\/pages\/1678"}],"collection":[{"href":"https:\/\/www.quentindupressoir.fr\/en\/wp-json\/wp\/v2\/pages"}],"about":[{"href":"https:\/\/www.quentindupressoir.fr\/en\/wp-json\/wp\/v2\/types\/page"}],"author":[{"embeddable":true,"href":"https:\/\/www.quentindupressoir.fr\/en\/wp-json\/wp\/v2\/users\/1"}],"replies":[{"embeddable":true,"href":"https:\/\/www.quentindupressoir.fr\/en\/wp-json\/wp\/v2\/comments?post=1678"}],"version-history":[{"count":17,"href":"https:\/\/www.quentindupressoir.fr\/en\/wp-json\/wp\/v2\/pages\/1678\/revisions"}],"predecessor-version":[{"id":2652,"href":"https:\/\/www.quentindupressoir.fr\/en\/wp-json\/wp\/v2\/pages\/1678\/revisions\/2652"}],"wp:featuredmedia":[{"embeddable":true,"href":"https:\/\/www.quentindupressoir.fr\/en\/wp-json\/wp\/v2\/media\/1744"}],"wp:attachment":[{"href":"https:\/\/www.quentindupressoir.fr\/en\/wp-json\/wp\/v2\/media?parent=1678"}],"curies":[{"name":"wp","href":"https:\/\/api.w.org\/{rel}","templated":true}]}}