{"id":1762,"date":"2023-11-02T16:58:16","date_gmt":"2023-11-02T15:58:16","guid":{"rendered":"https:\/\/192-168-1-21.chenar.direct.quickconnect.to\/wordpress\/?page_id=1762"},"modified":"2024-03-19T11:31:22","modified_gmt":"2024-03-19T10:31:22","slug":"lifemarket","status":"publish","type":"page","link":"https:\/\/www.quentindupressoir.fr\/en\/lifemarket\/","title":{"rendered":"Lifemarket"},"content":{"rendered":"<div class=\"wp-block-uagb-container uagb-block-73119554 alignfull uagb-is-root-container\"><div class=\"uagb-container-inner-blocks-wrap\">\n<div class=\"wp-block-uagb-advanced-heading uagb-block-f4eb43c2\"><h1 class=\"uagb-heading-text\">Lifemarket Hiroshima<\/h1><\/div>\n<\/div><\/div>\n\n\n\n<p class=\"has-text-align-center\">Lifemarket Hiroshima is a leading advertising agency specializing in the creation of innovative video and photographic content, particularly for iconic brands like Mazda. My role as a Motion Designer was to energize their advertising campaigns through motion designs and VFX effects, thus highlighting the agency's commitment to creativity and excellence.<\/p>\n\n\n\n<div class=\"wp-block-uagb-container uagb-block-41e1c6d3 alignfull uagb-is-root-container\"><div class=\"uagb-container-inner-blocks-wrap\">\n<div class=\"wp-block-uagb-container uagb-block-a98c2d47\">\n<p class=\"has-text-align-center\"><strong>Company<\/strong><br>Lifemarket Hiroshima<\/p>\n<\/div>\n\n\n\n<div class=\"wp-block-uagb-container uagb-block-7e5cc191\">\n<p class=\"has-text-align-center\"><strong>Skills<\/strong><br>Motion Design, VFX Artist, Illsutration, Video Editor, Color grader<\/p>\n<\/div>\n\n\n\n<div class=\"wp-block-uagb-container uagb-block-9c4d52e8\">\n<p class=\"has-text-align-center\"><strong>Year<\/strong><br>2021\/2022<\/p>\n<\/div>\n\n\n\n<div class=\"wp-block-uagb-container uagb-block-9817a3bd\">\n<p class=\"has-text-align-center\"><strong>Website<\/strong><br><a href=\"http:\/\/www.lifemarket.co.jp\" target=\"_blank\" rel=\"noreferrer noopener\">lifemarket.co.jp<\/a><\/p>\n<\/div>\n<\/div><\/div>\n\n\n\n<div class=\"wp-block-uagb-container uagb-block-ea09deab alignfull uagb-is-root-container\">\n<div class=\"wp-block-uagb-container uagb-block-74dee0a3\">\n<figure class=\"wp-block-embed is-type-video is-provider-vimeo wp-block-embed-vimeo wp-embed-aspect-16-9 wp-has-aspect-ratio\"><div class=\"wp-block-embed__wrapper\">\n<p class=\"responsive-video-wrap clr\"><iframe title=\"Patomo [LifeMarket]\" src=\"https:\/\/player.vimeo.com\/video\/865247547?dnt=1&amp;app_id=122963\" width=\"1200\" height=\"675\" frameborder=\"0\" allow=\"autoplay; fullscreen; picture-in-picture; clipboard-write\"><\/iframe><\/p>\n<\/div><\/figure>\n<\/div>\n\n\n\n<div class=\"wp-block-uagb-container uagb-block-4d893d73\">\n<div class=\"wp-block-uagb-advanced-heading uagb-block-f8ca13ce\"><h2 class=\"uagb-heading-text\"><strong>Patomo<\/strong><\/h2><\/div>\n\n\n\n<p class=\"has-text-align-left mobile-center\">An NFC (Near Field Communication) support manufacturing company in Japan that enables quick sharing of contact information using smartphones.<\/p>\n<\/div>\n<\/div>\n\n\n\n<div class=\"wp-block-uagb-container uagb-block-9efc7e7e alignfull uagb-is-root-container\">\n<div class=\"wp-block-uagb-container uagb-block-adbe4969\">\n<figure class=\"wp-block-embed is-type-video is-provider-vimeo wp-block-embed-vimeo wp-embed-aspect-16-9 wp-has-aspect-ratio\"><div class=\"wp-block-embed__wrapper\">\n<p class=\"responsive-video-wrap clr\"><iframe title=\"KURE Tourism [Lifemarket]\" src=\"https:\/\/player.vimeo.com\/video\/865247674?dnt=1&amp;app_id=122963\" width=\"1200\" height=\"675\" frameborder=\"0\" allow=\"autoplay; fullscreen; picture-in-picture; clipboard-write\"><\/iframe><\/p>\n<\/div><\/figure>\n<\/div>\n\n\n\n<div class=\"wp-block-uagb-container uagb-block-56bfab51\">\n<div class=\"wp-block-uagb-advanced-heading uagb-block-1102aacf\"><h2 class=\"uagb-heading-text\"><strong>JNTO<\/strong><\/h2><\/div>\n\n\n\n<p class=\"has-text-align-right mobile-center\">Presentation of the Hiroshima region and its activities. This episode highlights Kure, a city south of Hiroshima, a major port known for its gastronomy and history.<\/p>\n<\/div>\n<\/div>\n\n\n\n<div class=\"wp-block-uagb-container wp-embed-aspect-16-9 wp-has-aspect-ratio uagb-block-5c6248d6 alignfull uagb-is-root-container\">\n<div class=\"wp-block-uagb-container uagb-block-94ee568c\">\n<figure class=\"wp-block-embed is-type-video is-provider-vimeo wp-block-embed-vimeo wp-embed-aspect-16-9 wp-has-aspect-ratio\"><div class=\"wp-block-embed__wrapper\">\n<p class=\"responsive-video-wrap clr\"><iframe title=\"San Frecce Hiroshima Ads 30Y [Lifemarket]\" src=\"https:\/\/player.vimeo.com\/video\/865248532?dnt=1&amp;app_id=122963\" width=\"1200\" height=\"675\" frameborder=\"0\" allow=\"autoplay; fullscreen; picture-in-picture; clipboard-write\"><\/iframe><\/p>\n<\/div><\/figure>\n<\/div>\n\n\n\n<div class=\"wp-block-uagb-container uagb-block-599e2e59\">\n<div class=\"wp-block-uagb-advanced-heading uagb-block-3fb669b3\"><h2 class=\"uagb-heading-text\"><strong><strong>Mazda X San Frecce<\/strong><\/strong><\/h2><\/div>\n\n\n\n<p class=\"has-text-align-left mobile-center\">Mazda, the official sponsor of the Hiroshima football club (Sanfrecce), releases a collector's edition of a miniature car in the team's colors, sold in a limited quantity of 500 units. <br>Promotional video for the miniature car.<\/p>\n<\/div>\n<\/div>\n\n\n\n<div class=\"wp-block-uagb-container wp-embed-aspect-16-9 wp-has-aspect-ratio uagb-block-cc2bcfdb alignfull uagb-is-root-container\">\n<div class=\"wp-block-uagb-container uagb-block-5f4263b3\">\n<figure class=\"wp-block-embed is-type-video is-provider-vimeo wp-block-embed-vimeo wp-embed-aspect-16-9 wp-has-aspect-ratio\"><div class=\"wp-block-embed__wrapper\">\n<p class=\"responsive-video-wrap clr\"><iframe title=\"Anabuki [Lifemarket]\" src=\"https:\/\/player.vimeo.com\/video\/865247724?dnt=1&amp;app_id=122963\" width=\"1200\" height=\"675\" frameborder=\"0\" allow=\"autoplay; fullscreen; picture-in-picture; clipboard-write\"><\/iframe><\/p>\n<\/div><\/figure>\n<\/div>\n\n\n\n<div class=\"wp-block-uagb-container uagb-block-cd621639\">\n<div class=\"wp-block-uagb-advanced-heading uagb-block-ccd78d52\"><h2 class=\"uagb-heading-text\"><strong><strong>Anabuki<\/strong><\/strong><\/h2><\/div>\n\n\n\n<p class=\"has-text-align-right mobile-center\">Pr\u00e9sentation des diff\u00e9rents cursus&nbsp;de l&rsquo;universit\u00e9 d&rsquo;Hiroshima de Graphisme &amp; Design. En partenariat avec I4Cdesign<\/p>\n<\/div>\n<\/div>\n\n\n\n<div class=\"wp-block-uagb-container wp-embed-aspect-16-9 wp-has-aspect-ratio uagb-block-f5c76d01 alignfull uagb-is-root-container\">\n<div class=\"wp-block-uagb-container uagb-block-3a007acc\">\n<figure class=\"wp-block-embed is-type-video is-provider-vimeo wp-block-embed-vimeo wp-embed-aspect-16-9 wp-has-aspect-ratio\"><div class=\"wp-block-embed__wrapper\">\n<p class=\"responsive-video-wrap clr\"><iframe title=\"Proba History\" src=\"https:\/\/player.vimeo.com\/video\/924715414?dnt=1&amp;app_id=122963\" width=\"1200\" height=\"675\" frameborder=\"0\" allow=\"autoplay; fullscreen; picture-in-picture; clipboard-write\"><\/iframe><\/p>\n<\/div><\/figure>\n<\/div>\n\n\n\n<div class=\"wp-block-uagb-container uagb-block-3cb5c8a5\">\n<div class=\"wp-block-uagb-advanced-heading uagb-block-a5eacb12\"><h2 class=\"uagb-heading-text\"><strong><strong>Proba Patchinko<\/strong><\/strong><\/h2><\/div>\n\n\n\n<p class=\"has-text-align-left mobile-center\">Proba, a company specializing in Japanese Pachinko, illustrates its dynamic and innovative history through a motion design video. This captivating and creative video highlights Proba's evolution from its humble beginnings to its current status as a leader in the gaming industry.<\/p>\n<\/div>\n<\/div>","protected":false},"excerpt":{"rendered":"<p>Lifemarket Hiroshima Lifemarket Hiroshima est une agence publicitaire de premier plan sp\u00e9cialis\u00e9e dans la cr\u00e9ation de contenus vid\u00e9o et photographiques innovants, notamment pour des marques embl\u00e9matiques comme Mazda. Mon r\u00f4le en tant que Motion Designer a \u00e9t\u00e9 de dynamiser leurs campagnes publicitaires gr\u00e2ce \u00e0 des motion designs et des effets VFX, soulignant ainsi l&rsquo;engagement de [&hellip;]<\/p>","protected":false},"author":1,"featured_media":2337,"parent":0,"menu_order":0,"comment_status":"closed","ping_status":"closed","template":"elementor_header_footer","meta":{"_seopress_robots_primary_cat":"","_seopress_titles_title":"Quentin Dupressoir | Motion design | Portfolio | Lifemarket","_seopress_titles_desc":"Lifemarket Hiroshima est une agence publicitaire de premier plan sp\u00e9cialis\u00e9e dans la cr\u00e9ation de contenus vid\u00e9o et photographiques innovants, notamment pour des marques embl\u00e9matiques comme Mazda. Mon r\u00f4le en tant que Motion Designer a \u00e9t\u00e9 de dynamiser leurs campagnes publicitaires gr\u00e2ce \u00e0 des motion designs et des effets VFX, soulignant ainsi l&#039;engagement de l&#039;agence envers la cr\u00e9ativit\u00e9 et l&#039;excellence.","_seopress_robots_index":"","_uag_custom_page_level_css":"","ocean_post_layout":"","ocean_both_sidebars_style":"","ocean_both_sidebars_content_width":0,"ocean_both_sidebars_sidebars_width":0,"ocean_sidebar":"","ocean_second_sidebar":"","ocean_disable_margins":"enable","ocean_add_body_class":"","ocean_shortcode_before_top_bar":"","ocean_shortcode_after_top_bar":"","ocean_shortcode_before_header":"","ocean_shortcode_after_header":"","ocean_has_shortcode":"","ocean_shortcode_after_title":"","ocean_shortcode_before_footer_widgets":"","ocean_shortcode_after_footer_widgets":"","ocean_shortcode_before_footer_bottom":"","ocean_shortcode_after_footer_bottom":"","ocean_display_top_bar":"default","ocean_display_header":"default","ocean_header_style":"","ocean_center_header_left_menu":"","ocean_custom_header_template":"","ocean_custom_logo":0,"ocean_custom_retina_logo":0,"ocean_custom_logo_max_width":0,"ocean_custom_logo_tablet_max_width":0,"ocean_custom_logo_mobile_max_width":0,"ocean_custom_logo_max_height":0,"ocean_custom_logo_tablet_max_height":0,"ocean_custom_logo_mobile_max_height":0,"ocean_header_custom_menu":"","ocean_menu_typo_font_family":"","ocean_menu_typo_font_subset":"","ocean_menu_typo_font_size":0,"ocean_menu_typo_font_size_tablet":0,"ocean_menu_typo_font_size_mobile":0,"ocean_menu_typo_font_size_unit":"px","ocean_menu_typo_font_weight":"","ocean_menu_typo_font_weight_tablet":"","ocean_menu_typo_font_weight_mobile":"","ocean_menu_typo_transform":"","ocean_menu_typo_transform_tablet":"","ocean_menu_typo_transform_mobile":"","ocean_menu_typo_line_height":0,"ocean_menu_typo_line_height_tablet":0,"ocean_menu_typo_line_height_mobile":0,"ocean_menu_typo_line_height_unit":"","ocean_menu_typo_spacing":0,"ocean_menu_typo_spacing_tablet":0,"ocean_menu_typo_spacing_mobile":0,"ocean_menu_typo_spacing_unit":"","ocean_menu_link_color":"","ocean_menu_link_color_hover":"","ocean_menu_link_color_active":"","ocean_menu_link_background":"","ocean_menu_link_hover_background":"","ocean_menu_link_active_background":"","ocean_menu_social_links_bg":"","ocean_menu_social_hover_links_bg":"","ocean_menu_social_links_color":"","ocean_menu_social_hover_links_color":"","ocean_disable_title":"default","ocean_disable_heading":"default","ocean_post_title":"","ocean_post_subheading":"","ocean_post_title_style":"","ocean_post_title_background_color":"","ocean_post_title_background":0,"ocean_post_title_bg_image_position":"","ocean_post_title_bg_image_attachment":"","ocean_post_title_bg_image_repeat":"","ocean_post_title_bg_image_size":"","ocean_post_title_height":0,"ocean_post_title_bg_overlay":0.5,"ocean_post_title_bg_overlay_color":"","ocean_disable_breadcrumbs":"default","ocean_breadcrumbs_color":"","ocean_breadcrumbs_separator_color":"","ocean_breadcrumbs_links_color":"","ocean_breadcrumbs_links_hover_color":"","ocean_display_footer_widgets":"default","ocean_display_footer_bottom":"default","ocean_custom_footer_template":""},"uagb_featured_image_src":{"full":["https:\/\/ml0fu7jiyn3s.i.optimole.com\/co-ZpyQ-0JK5LRqv\/w:auto\/h:auto\/cb:e6me.59ba\/f:best\/ig:avif\/q:mauto\/id:9f2230b3fa43697558ea4966f1f177a7\/directUpload\/Lifemarket-Gif.gif",400,225,false],"thumbnail":["https:\/\/ml0fu7jiyn3s.i.optimole.com\/co-ZpyQ-0JK5LRqv\/w:auto\/h:auto\/g:ce\/rt:fill\/cb:e6me.59ba\/f:best\/ig:avif\/q:mauto\/id:9f2230b3fa43697558ea4966f1f177a7\/directUpload\/Lifemarket-Gif.gif",150,150,true],"medium":["https:\/\/ml0fu7jiyn3s.i.optimole.com\/co-ZpyQ-0JK5LRqv\/w:auto\/h:auto\/cb:e6me.59ba\/f:best\/ig:avif\/q:mauto\/id:9f2230b3fa43697558ea4966f1f177a7\/directUpload\/Lifemarket-Gif.gif",300,300,false],"medium_large":["https:\/\/ml0fu7jiyn3s.i.optimole.com\/co-ZpyQ-0JK5LRqv\/w:auto\/h:auto\/cb:e6me.59ba\/f:best\/ig:avif\/q:mauto\/id:9f2230b3fa43697558ea4966f1f177a7\/directUpload\/Lifemarket-Gif.gif",768,0,false],"large":["https:\/\/ml0fu7jiyn3s.i.optimole.com\/co-ZpyQ-0JK5LRqv\/w:auto\/h:auto\/cb:e6me.59ba\/f:best\/ig:avif\/q:mauto\/id:9f2230b3fa43697558ea4966f1f177a7\/directUpload\/Lifemarket-Gif.gif",1024,1024,false],"1536x1536":["https:\/\/ml0fu7jiyn3s.i.optimole.com\/co-ZpyQ-0JK5LRqv\/w:auto\/h:auto\/cb:e6me.59ba\/f:best\/ig:avif\/q:mauto\/id:9f2230b3fa43697558ea4966f1f177a7\/directUpload\/Lifemarket-Gif.gif",1536,1536,false],"2048x2048":["https:\/\/ml0fu7jiyn3s.i.optimole.com\/co-ZpyQ-0JK5LRqv\/w:auto\/h:auto\/cb:e6me.59ba\/f:best\/ig:avif\/q:mauto\/id:9f2230b3fa43697558ea4966f1f177a7\/directUpload\/Lifemarket-Gif.gif",2048,2048,false],"trp-custom-language-flag":["https:\/\/ml0fu7jiyn3s.i.optimole.com\/co-ZpyQ-0JK5LRqv\/w:auto\/h:auto\/cb:e6me.59ba\/f:best\/ig:avif\/q:mauto\/id:9f2230b3fa43697558ea4966f1f177a7\/directUpload\/Lifemarket-Gif.gif",18,12,false],"ocean-thumb-m":["https:\/\/ml0fu7jiyn3s.i.optimole.com\/co-ZpyQ-0JK5LRqv\/w:auto\/h:auto\/g:ce\/rt:fill\/cb:e6me.59ba\/f:best\/ig:avif\/q:mauto\/id:9f2230b3fa43697558ea4966f1f177a7\/directUpload\/Lifemarket-Gif.gif",600,600,true],"ocean-thumb-ml":["https:\/\/ml0fu7jiyn3s.i.optimole.com\/co-ZpyQ-0JK5LRqv\/w:auto\/h:auto\/g:ce\/rt:fill\/cb:e6me.59ba\/f:best\/ig:avif\/q:mauto\/id:9f2230b3fa43697558ea4966f1f177a7\/directUpload\/Lifemarket-Gif.gif",800,450,true],"ocean-thumb-l":["https:\/\/ml0fu7jiyn3s.i.optimole.com\/co-ZpyQ-0JK5LRqv\/w:auto\/h:auto\/g:ce\/rt:fill\/cb:e6me.59ba\/f:best\/ig:avif\/q:mauto\/id:9f2230b3fa43697558ea4966f1f177a7\/directUpload\/Lifemarket-Gif.gif",1200,700,true]},"uagb_author_info":{"display_name":"Chenar","author_link":"https:\/\/www.quentindupressoir.fr\/en\/author\/chenar\/"},"uagb_comment_info":0,"uagb_excerpt":"Lifemarket Hiroshima Lifemarket Hiroshima est une agence publicitaire de premier plan sp\u00e9cialis\u00e9e dans la cr\u00e9ation de contenus vid\u00e9o et photographiques innovants, notamment pour des marques embl\u00e9matiques comme Mazda. Mon r\u00f4le en tant que Motion Designer a \u00e9t\u00e9 de dynamiser leurs campagnes publicitaires gr\u00e2ce \u00e0 des motion designs et des effets VFX, soulignant ainsi l&rsquo;engagement de&hellip;","_links":{"self":[{"href":"https:\/\/www.quentindupressoir.fr\/en\/wp-json\/wp\/v2\/pages\/1762"}],"collection":[{"href":"https:\/\/www.quentindupressoir.fr\/en\/wp-json\/wp\/v2\/pages"}],"about":[{"href":"https:\/\/www.quentindupressoir.fr\/en\/wp-json\/wp\/v2\/types\/page"}],"author":[{"embeddable":true,"href":"https:\/\/www.quentindupressoir.fr\/en\/wp-json\/wp\/v2\/users\/1"}],"replies":[{"embeddable":true,"href":"https:\/\/www.quentindupressoir.fr\/en\/wp-json\/wp\/v2\/comments?post=1762"}],"version-history":[{"count":8,"href":"https:\/\/www.quentindupressoir.fr\/en\/wp-json\/wp\/v2\/pages\/1762\/revisions"}],"predecessor-version":[{"id":2582,"href":"https:\/\/www.quentindupressoir.fr\/en\/wp-json\/wp\/v2\/pages\/1762\/revisions\/2582"}],"wp:featuredmedia":[{"embeddable":true,"href":"https:\/\/www.quentindupressoir.fr\/en\/wp-json\/wp\/v2\/media\/2337"}],"wp:attachment":[{"href":"https:\/\/www.quentindupressoir.fr\/en\/wp-json\/wp\/v2\/media?parent=1762"}],"curies":[{"name":"wp","href":"https:\/\/api.w.org\/{rel}","templated":true}]}}