{"id":1899,"date":"2023-11-03T09:34:07","date_gmt":"2023-11-03T08:34:07","guid":{"rendered":"http:\/\/192-168-1-21.chenar.direct.quickconnect.to\/wordpress\/?page_id=1899"},"modified":"2024-03-19T11:02:04","modified_gmt":"2024-03-19T10:02:04","slug":"groupe-bpce","status":"publish","type":"page","link":"https:\/\/www.quentindupressoir.fr\/en\/groupe-bpce\/","title":{"rendered":"BPCE Group \/ 89C3"},"content":{"rendered":"<div class=\"wp-block-uagb-container uagb-block-73119554 alignfull uagb-is-root-container\"><div class=\"uagb-container-inner-blocks-wrap\">\n<div class=\"wp-block-uagb-advanced-heading uagb-block-f4eb43c2\"><h1 class=\"uagb-heading-text\">BPCE Group \/ 89C3<\/h1><\/div>\n<\/div><\/div>\n\n\n\n<p class=\"has-text-align-center\">The BPCE group assigned its internal digitization agency, 89C3, the role of digitizing the entire group (Banques Populaires and Caisses d'\u00c9pargne). I participated in the production of training tools for clients and employees, easing the use of the mobile application through video tutorials and a replica of the mobile app to showcase the new features.<\/p>\n\n\n\n<div class=\"wp-block-uagb-container uagb-block-41e1c6d3 alignfull uagb-is-root-container\"><div class=\"uagb-container-inner-blocks-wrap\">\n<div class=\"wp-block-uagb-container uagb-block-a98c2d47\">\n<p class=\"has-text-align-center\"><strong>Company<\/strong><br>BPCE Group \/ 89C3<\/p>\n<\/div>\n\n\n\n<div class=\"wp-block-uagb-container uagb-block-7e5cc191\">\n<p class=\"has-text-align-center\"><strong>Skills<\/strong><br>Motion Design, Illustration, Branding, Product Owner, Voice over<\/p>\n<\/div>\n\n\n\n<div class=\"wp-block-uagb-container uagb-block-9c4d52e8\">\n<p class=\"has-text-align-center\"><strong>Year<\/strong><br>2019\/2020<\/p>\n<\/div>\n\n\n\n<div class=\"wp-block-uagb-container uagb-block-9817a3bd\">\n<p class=\"has-text-align-center\"><strong>Website<\/strong><br><a href=\"https:\/\/groupebpce.com\/toute-l-actualite\/actualites\/2017\/89c3-le-nouvel-ecosysteme-digital-du-groupe-bpce\">BPCE Group \/ 89C3<\/a><\/p>\n<\/div>\n<\/div><\/div>\n\n\n\n<div class=\"wp-block-uagb-container uagb-block-ea09deab alignfull uagb-is-root-container\">\n<div class=\"wp-block-uagb-container uagb-block-74dee0a3\">\n<figure class=\"wp-block-embed is-type-video is-provider-vimeo wp-block-embed-vimeo wp-embed-aspect-16-9 wp-has-aspect-ratio\"><div class=\"wp-block-embed__wrapper\">\n<p class=\"responsive-video-wrap clr\"><iframe title=\"Deep Purple Project pour le Groupe BPCE\" src=\"https:\/\/player.vimeo.com\/video\/885591903?dnt=1&amp;app_id=122963\" width=\"1200\" height=\"675\" frameborder=\"0\" allow=\"autoplay; fullscreen; picture-in-picture; clipboard-write\"><\/iframe><\/p>\n<\/div><\/figure>\n<\/div>\n\n\n\n<div class=\"wp-block-uagb-container uagb-block-4d893d73\">\n<div class=\"wp-block-uagb-advanced-heading uagb-block-f8ca13ce\"><h2 class=\"uagb-heading-text\"><strong>Deep Purple<\/strong><\/h2><\/div>\n\n\n\n<p class=\"has-text-align-left mobile-center\">Deep Purple is the name of the project for the major update of the graphical interface of the mobile application of the banks in the BPCE Group.<\/p>\n\n\n\n<p class=\"has-text-align-left mobile-center\">All rights to the content belong to BPCE.<\/p>\n<\/div>\n<\/div>\n\n\n\n<div class=\"wp-block-uagb-container uagb-block-9efc7e7e alignfull uagb-is-root-container\">\n<div class=\"wp-block-uagb-container uagb-block-adbe4969\">\n<figure class=\"wp-block-embed is-type-video is-provider-vimeo wp-block-embed-vimeo wp-embed-aspect-16-9 wp-has-aspect-ratio\"><div class=\"wp-block-embed__wrapper\">\n<p class=\"responsive-video-wrap clr\"><iframe title=\"L&#039;histoire anim\u00e9e de Violette (89C3)\" src=\"https:\/\/player.vimeo.com\/video\/354646134?dnt=1&amp;app_id=122963\" width=\"1200\" height=\"675\" frameborder=\"0\" allow=\"autoplay; fullscreen; picture-in-picture; clipboard-write\"><\/iframe><\/p>\n<\/div><\/figure>\n<\/div>\n\n\n\n<div class=\"wp-block-uagb-container uagb-block-56bfab51\">\n<div class=\"wp-block-uagb-advanced-heading uagb-block-1102aacf\"><h2 class=\"uagb-heading-text\">Violette<\/h2><\/div>\n\n\n\n<p class=\"has-text-align-right mobile-center\">Violette is an automated and intelligent newsletter from BPCE (Banque Populaire and Caisse d'Epargne) focusing on digital transformation. This video presents its history and how it was trained by BPCE employees to be relevant.<\/p>\n\n\n\n<p class=\"has-text-align-right mobile-center\">All rights to the content belong to BPCE.<\/p>\n<\/div>\n<\/div>\n\n\n\n<div class=\"wp-block-uagb-container uagb-block-c54fcdb5 alignfull uagb-is-root-container\">\n<div class=\"wp-block-uagb-container uagb-block-e23aff67\">\n<figure class=\"wp-block-video\"><video controls src=\"https:\/\/ml0fu7jiyn3s.i.optimole.com\/files\/id:8705b01bd42c286e10f415ca494abeae\/directUpload\/Tutoriel-compress.mp4\"><\/video><\/figure>\n<\/div>\n\n\n\n<div class=\"wp-block-uagb-container uagb-block-310739ee\">\n<div class=\"wp-block-uagb-advanced-heading uagb-block-4a9d5803\"><h2 class=\"uagb-heading-text\"><strong>Application tutorial<\/strong><\/h2><\/div>\n\n\n\n<p class=\"has-text-align-left mobile-center\">This video is an example of a tutorial designed to introduce the new features of the mobile application. This video is one of the 100+ tutorials I've produced over the past two years.<\/p>\n\n\n\n<p class=\"has-text-align-left mobile-center\">All rights to the content belong to BPCE.<\/p>\n<\/div>\n<\/div>","protected":false},"excerpt":{"rendered":"<p>Groupe BPCE \/ 89C3 Le groupe BPCE a confi\u00e9 \u00e0 son agence de digitalisation interne 89C3, la fonction de digitalisation de l&rsquo;ensemble du groupe (les Banques Populaires et les Caisses d&rsquo;\u00c9pargne). J&rsquo;ai particip\u00e9 \u00e0 la mise en production des outils de formation pour les clients et les collaborateurs, facilitant l&rsquo;utilisation de l&rsquo;application mobile gr\u00e2ce \u00e0 [&hellip;]<\/p>","protected":false},"author":1,"featured_media":2339,"parent":0,"menu_order":0,"comment_status":"closed","ping_status":"closed","template":"","meta":{"_seopress_robots_primary_cat":"","_seopress_titles_title":"Quentin Dupressoir | Motion design | Portfolio | Groupe BPCE","_seopress_titles_desc":"Le groupe BPCE a confi\u00e9 \u00e0 son agence de digitalisation interne 89C3, la fonction de digitalisation de l&#039;ensemble du groupe (Banque populaire &amp; Caisse d&#039;\u00c9pargne).","_seopress_robots_index":"","_uag_custom_page_level_css":"p{\n\tmargin: 40px auto;\n}\n@media only screen and (max-width: 600px) {\n\t.mobile-center{\n\t\ttext-align:center;\n\t}\n}","ocean_post_layout":"","ocean_both_sidebars_style":"","ocean_both_sidebars_content_width":0,"ocean_both_sidebars_sidebars_width":0,"ocean_sidebar":"","ocean_second_sidebar":"","ocean_disable_margins":"enable","ocean_add_body_class":"","ocean_shortcode_before_top_bar":"","ocean_shortcode_after_top_bar":"","ocean_shortcode_before_header":"","ocean_shortcode_after_header":"","ocean_has_shortcode":"","ocean_shortcode_after_title":"","ocean_shortcode_before_footer_widgets":"","ocean_shortcode_after_footer_widgets":"","ocean_shortcode_before_footer_bottom":"","ocean_shortcode_after_footer_bottom":"","ocean_display_top_bar":"default","ocean_display_header":"default","ocean_header_style":"","ocean_center_header_left_menu":"","ocean_custom_header_template":"","ocean_custom_logo":0,"ocean_custom_retina_logo":0,"ocean_custom_logo_max_width":0,"ocean_custom_logo_tablet_max_width":0,"ocean_custom_logo_mobile_max_width":0,"ocean_custom_logo_max_height":0,"ocean_custom_logo_tablet_max_height":0,"ocean_custom_logo_mobile_max_height":0,"ocean_header_custom_menu":"","ocean_menu_typo_font_family":"","ocean_menu_typo_font_subset":"","ocean_menu_typo_font_size":0,"ocean_menu_typo_font_size_tablet":0,"ocean_menu_typo_font_size_mobile":0,"ocean_menu_typo_font_size_unit":"px","ocean_menu_typo_font_weight":"","ocean_menu_typo_font_weight_tablet":"","ocean_menu_typo_font_weight_mobile":"","ocean_menu_typo_transform":"","ocean_menu_typo_transform_tablet":"","ocean_menu_typo_transform_mobile":"","ocean_menu_typo_line_height":0,"ocean_menu_typo_line_height_tablet":0,"ocean_menu_typo_line_height_mobile":0,"ocean_menu_typo_line_height_unit":"","ocean_menu_typo_spacing":0,"ocean_menu_typo_spacing_tablet":0,"ocean_menu_typo_spacing_mobile":0,"ocean_menu_typo_spacing_unit":"","ocean_menu_link_color":"","ocean_menu_link_color_hover":"","ocean_menu_link_color_active":"","ocean_menu_link_background":"","ocean_menu_link_hover_background":"","ocean_menu_link_active_background":"","ocean_menu_social_links_bg":"","ocean_menu_social_hover_links_bg":"","ocean_menu_social_links_color":"","ocean_menu_social_hover_links_color":"","ocean_disable_title":"default","ocean_disable_heading":"default","ocean_post_title":"","ocean_post_subheading":"","ocean_post_title_style":"","ocean_post_title_background_color":"","ocean_post_title_background":0,"ocean_post_title_bg_image_position":"","ocean_post_title_bg_image_attachment":"","ocean_post_title_bg_image_repeat":"","ocean_post_title_bg_image_size":"","ocean_post_title_height":0,"ocean_post_title_bg_overlay":0.5,"ocean_post_title_bg_overlay_color":"","ocean_disable_breadcrumbs":"default","ocean_breadcrumbs_color":"","ocean_breadcrumbs_separator_color":"","ocean_breadcrumbs_links_color":"","ocean_breadcrumbs_links_hover_color":"","ocean_display_footer_widgets":"default","ocean_display_footer_bottom":"default","ocean_custom_footer_template":""},"uagb_featured_image_src":{"full":["https:\/\/ml0fu7jiyn3s.i.optimole.com\/co-ZpyQ-L7HeyRNP\/w:auto\/h:auto\/cb:e6me.59ba\/f:best\/ig:avif\/q:mauto\/id:54a9f15d6f1eec2072e0fac5d927460f\/directUpload\/BPCE-GIF.gif",400,225,false],"thumbnail":["https:\/\/ml0fu7jiyn3s.i.optimole.com\/co-ZpyQ-L7HeyRNP\/w:auto\/h:auto\/g:ce\/rt:fill\/cb:e6me.59ba\/f:best\/ig:avif\/q:mauto\/id:54a9f15d6f1eec2072e0fac5d927460f\/directUpload\/BPCE-GIF.gif",150,150,true],"medium":["https:\/\/ml0fu7jiyn3s.i.optimole.com\/co-ZpyQ-L7HeyRNP\/w:auto\/h:auto\/cb:e6me.59ba\/f:best\/ig:avif\/q:mauto\/id:54a9f15d6f1eec2072e0fac5d927460f\/directUpload\/BPCE-GIF.gif",300,300,false],"medium_large":["https:\/\/ml0fu7jiyn3s.i.optimole.com\/co-ZpyQ-L7HeyRNP\/w:auto\/h:auto\/cb:e6me.59ba\/f:best\/ig:avif\/q:mauto\/id:54a9f15d6f1eec2072e0fac5d927460f\/directUpload\/BPCE-GIF.gif",768,0,false],"large":["https:\/\/ml0fu7jiyn3s.i.optimole.com\/co-ZpyQ-L7HeyRNP\/w:auto\/h:auto\/cb:e6me.59ba\/f:best\/ig:avif\/q:mauto\/id:54a9f15d6f1eec2072e0fac5d927460f\/directUpload\/BPCE-GIF.gif",1024,1024,false],"1536x1536":["https:\/\/ml0fu7jiyn3s.i.optimole.com\/co-ZpyQ-L7HeyRNP\/w:auto\/h:auto\/cb:e6me.59ba\/f:best\/ig:avif\/q:mauto\/id:54a9f15d6f1eec2072e0fac5d927460f\/directUpload\/BPCE-GIF.gif",1536,1536,false],"2048x2048":["https:\/\/ml0fu7jiyn3s.i.optimole.com\/co-ZpyQ-L7HeyRNP\/w:auto\/h:auto\/cb:e6me.59ba\/f:best\/ig:avif\/q:mauto\/id:54a9f15d6f1eec2072e0fac5d927460f\/directUpload\/BPCE-GIF.gif",2048,2048,false],"trp-custom-language-flag":["https:\/\/ml0fu7jiyn3s.i.optimole.com\/co-ZpyQ-L7HeyRNP\/w:auto\/h:auto\/cb:e6me.59ba\/f:best\/ig:avif\/q:mauto\/id:54a9f15d6f1eec2072e0fac5d927460f\/directUpload\/BPCE-GIF.gif",18,12,false],"ocean-thumb-m":["https:\/\/ml0fu7jiyn3s.i.optimole.com\/co-ZpyQ-L7HeyRNP\/w:auto\/h:auto\/g:ce\/rt:fill\/cb:e6me.59ba\/f:best\/ig:avif\/q:mauto\/id:54a9f15d6f1eec2072e0fac5d927460f\/directUpload\/BPCE-GIF.gif",600,600,true],"ocean-thumb-ml":["https:\/\/ml0fu7jiyn3s.i.optimole.com\/co-ZpyQ-L7HeyRNP\/w:auto\/h:auto\/g:ce\/rt:fill\/cb:e6me.59ba\/f:best\/ig:avif\/q:mauto\/id:54a9f15d6f1eec2072e0fac5d927460f\/directUpload\/BPCE-GIF.gif",800,450,true],"ocean-thumb-l":["https:\/\/ml0fu7jiyn3s.i.optimole.com\/co-ZpyQ-L7HeyRNP\/w:auto\/h:auto\/g:ce\/rt:fill\/cb:e6me.59ba\/f:best\/ig:avif\/q:mauto\/id:54a9f15d6f1eec2072e0fac5d927460f\/directUpload\/BPCE-GIF.gif",1200,700,true]},"uagb_author_info":{"display_name":"Chenar","author_link":"https:\/\/www.quentindupressoir.fr\/en\/author\/chenar\/"},"uagb_comment_info":0,"uagb_excerpt":"Groupe BPCE \/ 89C3 Le groupe BPCE a confi\u00e9 \u00e0 son agence de digitalisation interne 89C3, la fonction de digitalisation de l&rsquo;ensemble du groupe (les Banques Populaires et les Caisses d&rsquo;\u00c9pargne). J&rsquo;ai particip\u00e9 \u00e0 la mise en production des outils de formation pour les clients et les collaborateurs, facilitant l&rsquo;utilisation de l&rsquo;application mobile gr\u00e2ce \u00e0&hellip;","_links":{"self":[{"href":"https:\/\/www.quentindupressoir.fr\/en\/wp-json\/wp\/v2\/pages\/1899"}],"collection":[{"href":"https:\/\/www.quentindupressoir.fr\/en\/wp-json\/wp\/v2\/pages"}],"about":[{"href":"https:\/\/www.quentindupressoir.fr\/en\/wp-json\/wp\/v2\/types\/page"}],"author":[{"embeddable":true,"href":"https:\/\/www.quentindupressoir.fr\/en\/wp-json\/wp\/v2\/users\/1"}],"replies":[{"embeddable":true,"href":"https:\/\/www.quentindupressoir.fr\/en\/wp-json\/wp\/v2\/comments?post=1899"}],"version-history":[{"count":26,"href":"https:\/\/www.quentindupressoir.fr\/en\/wp-json\/wp\/v2\/pages\/1899\/revisions"}],"predecessor-version":[{"id":2567,"href":"https:\/\/www.quentindupressoir.fr\/en\/wp-json\/wp\/v2\/pages\/1899\/revisions\/2567"}],"wp:featuredmedia":[{"embeddable":true,"href":"https:\/\/www.quentindupressoir.fr\/en\/wp-json\/wp\/v2\/media\/2339"}],"wp:attachment":[{"href":"https:\/\/www.quentindupressoir.fr\/en\/wp-json\/wp\/v2\/media?parent=1899"}],"curies":[{"name":"wp","href":"https:\/\/api.w.org\/{rel}","templated":true}]}}