{"id":1912,"date":"2023-11-03T10:49:49","date_gmt":"2023-11-03T09:49:49","guid":{"rendered":"http:\/\/192-168-1-21.chenar.direct.quickconnect.to\/wordpress\/?page_id=1912"},"modified":"2024-03-21T13:48:25","modified_gmt":"2024-03-21T12:48:25","slug":"nubo","status":"publish","type":"page","link":"https:\/\/www.quentindupressoir.fr\/en\/nubo\/","title":{"rendered":"Nubo"},"content":{"rendered":"<div class=\"wp-block-uagb-container wp-embed-aspect-16-9 wp-has-aspect-ratio uagb-block-73119554 alignfull uagb-is-root-container\"><div class=\"uagb-container-inner-blocks-wrap\">\n<div class=\"wp-block-uagb-advanced-heading uagb-block-f4eb43c2\"><h1 class=\"uagb-heading-text\">Nubo<\/h1><\/div>\n<\/div><\/div>\n\n\n\n<p class=\"has-text-align-center wp-embed-aspect-16-9 wp-has-aspect-ratio\">Nubo is a wedding preparation assistance service. The concept is to simplify wedding planning by providing recommendations based on your preferences and taste. This tool also allows budget tracking and vendor selection.<\/p>\n\n\n\n<div class=\"wp-block-uagb-container wp-embed-aspect-16-9 wp-has-aspect-ratio uagb-block-41e1c6d3 alignfull uagb-is-root-container\"><div class=\"uagb-container-inner-blocks-wrap\">\n<div class=\"wp-block-uagb-container uagb-block-a98c2d47\">\n<p class=\"has-text-align-center\"><strong>Company<\/strong><br>Nubo<\/p>\n<\/div>\n\n\n\n<div class=\"wp-block-uagb-container uagb-block-7e5cc191\">\n<p class=\"has-text-align-center\"><strong>Skills<\/strong><br>Motion Design, Branding, Illustration, Business Conception<\/p>\n<\/div>\n\n\n\n<div class=\"wp-block-uagb-container uagb-block-9c4d52e8\">\n<p class=\"has-text-align-center\"><strong>Year<\/strong><br>2018<\/p>\n<\/div>\n\n\n\n<div class=\"wp-block-uagb-container uagb-block-9817a3bd\">\n<p class=\"has-text-align-center\"><strong>Website<\/strong><\/p>\n<\/div>\n<\/div><\/div>\n\n\n\n<figure class=\"wp-block-embed is-type-video is-provider-vimeo wp-block-embed-vimeo wp-embed-aspect-16-9 wp-has-aspect-ratio\"><div class=\"wp-block-embed__wrapper\">\n<p class=\"responsive-video-wrap clr\"><iframe title=\"Nubo - Your personnal Wedding Planner\" src=\"https:\/\/player.vimeo.com\/video\/167247644?dnt=1&amp;app_id=122963\" width=\"1200\" height=\"675\" frameborder=\"0\" allow=\"autoplay; fullscreen; picture-in-picture; clipboard-write\"><\/iframe><\/p>\n<\/div><\/figure>\n\n\n\n<div class=\"wp-block-uagb-advanced-heading uagb-block-02596aca\"><h2 class=\"uagb-heading-text\"><a href=\"https:\/\/nubo.quentindupressoir.fr\" target=\"_blank\" rel=\"noreferrer noopener\">Website<\/a><\/h2><\/div>\n\n\n\n<iframe src=\"https:\/\/nubo.quentindupressoir.fr\" width=\"900px\" height=\"506px\"><\/iframe>","protected":false},"excerpt":{"rendered":"<p>Nubo Nubo est un service d&rsquo;assistance \u00e0 la pr\u00e9paration de votre mariage. Le concept est de simplifier la pr\u00e9paration de mariage en proposant des recommandation selon vos pr\u00e9f\u00e9rences et go\u00fbt. Cet outil permets \u00e9galement le suivi de budget et la s\u00e9lection de prestataires. EntrepriseNubo Comp\u00e9tenceMotion Design, Branding, Illustration, Business Conception Ann\u00e9e2018 Website Website<\/p>","protected":false},"author":1,"featured_media":2417,"parent":0,"menu_order":0,"comment_status":"closed","ping_status":"closed","template":"elementor_header_footer","meta":{"_seopress_robots_primary_cat":"","_seopress_titles_title":"Quentin Dupressoir | Motion Designer & graphiste | Nubo","_seopress_titles_desc":"Nubo est un service d'assistance \u00e0 la pr\u00e9paration de votre mariage. Le concept est de simplifier la pr\u00e9paration de mariage en proposant des recommandation selon vos pr\u00e9f\u00e9rences et go\u00fbt. ","_seopress_robots_index":"","_uag_custom_page_level_css":"","ocean_post_layout":"","ocean_both_sidebars_style":"","ocean_both_sidebars_content_width":0,"ocean_both_sidebars_sidebars_width":0,"ocean_sidebar":"","ocean_second_sidebar":"","ocean_disable_margins":"enable","ocean_add_body_class":"","ocean_shortcode_before_top_bar":"","ocean_shortcode_after_top_bar":"","ocean_shortcode_before_header":"","ocean_shortcode_after_header":"","ocean_has_shortcode":"","ocean_shortcode_after_title":"","ocean_shortcode_before_footer_widgets":"","ocean_shortcode_after_footer_widgets":"","ocean_shortcode_before_footer_bottom":"","ocean_shortcode_after_footer_bottom":"","ocean_display_top_bar":"default","ocean_display_header":"default","ocean_header_style":"","ocean_center_header_left_menu":"","ocean_custom_header_template":"","ocean_custom_logo":0,"ocean_custom_retina_logo":0,"ocean_custom_logo_max_width":0,"ocean_custom_logo_tablet_max_width":0,"ocean_custom_logo_mobile_max_width":0,"ocean_custom_logo_max_height":0,"ocean_custom_logo_tablet_max_height":0,"ocean_custom_logo_mobile_max_height":0,"ocean_header_custom_menu":"","ocean_menu_typo_font_family":"","ocean_menu_typo_font_subset":"","ocean_menu_typo_font_size":0,"ocean_menu_typo_font_size_tablet":0,"ocean_menu_typo_font_size_mobile":0,"ocean_menu_typo_font_size_unit":"px","ocean_menu_typo_font_weight":"","ocean_menu_typo_font_weight_tablet":"","ocean_menu_typo_font_weight_mobile":"","ocean_menu_typo_transform":"","ocean_menu_typo_transform_tablet":"","ocean_menu_typo_transform_mobile":"","ocean_menu_typo_line_height":0,"ocean_menu_typo_line_height_tablet":0,"ocean_menu_typo_line_height_mobile":0,"ocean_menu_typo_line_height_unit":"","ocean_menu_typo_spacing":0,"ocean_menu_typo_spacing_tablet":0,"ocean_menu_typo_spacing_mobile":0,"ocean_menu_typo_spacing_unit":"","ocean_menu_link_color":"","ocean_menu_link_color_hover":"","ocean_menu_link_color_active":"","ocean_menu_link_background":"","ocean_menu_link_hover_background":"","ocean_menu_link_active_background":"","ocean_menu_social_links_bg":"","ocean_menu_social_hover_links_bg":"","ocean_menu_social_links_color":"","ocean_menu_social_hover_links_color":"","ocean_disable_title":"default","ocean_disable_heading":"default","ocean_post_title":"","ocean_post_subheading":"","ocean_post_title_style":"","ocean_post_title_background_color":"","ocean_post_title_background":0,"ocean_post_title_bg_image_position":"","ocean_post_title_bg_image_attachment":"","ocean_post_title_bg_image_repeat":"","ocean_post_title_bg_image_size":"","ocean_post_title_height":0,"ocean_post_title_bg_overlay":0.5,"ocean_post_title_bg_overlay_color":"","ocean_disable_breadcrumbs":"default","ocean_breadcrumbs_color":"","ocean_breadcrumbs_separator_color":"","ocean_breadcrumbs_links_color":"","ocean_breadcrumbs_links_hover_color":"","ocean_display_footer_widgets":"default","ocean_display_footer_bottom":"default","ocean_custom_footer_template":""},"uagb_featured_image_src":{"full":["https:\/\/ml0fu7jiyn3s.i.optimole.com\/co-ZpyQ-v4588M09\/w:auto\/h:auto\/cb:e6me.59ba\/f:best\/ig:avif\/q:mauto\/id:13d5c424018e5b5d85aa4a88bc73e85b\/directUpload\/nubo_rect.jpg",960,540,false],"thumbnail":["https:\/\/ml0fu7jiyn3s.i.optimole.com\/co-ZpyQ-v4588M09\/w:auto\/h:auto\/g:ce\/rt:fill\/cb:e6me.59ba\/f:best\/ig:avif\/q:mauto\/id:13d5c424018e5b5d85aa4a88bc73e85b\/directUpload\/nubo_rect.jpg",150,150,true],"medium":["https:\/\/ml0fu7jiyn3s.i.optimole.com\/co-ZpyQ-v4588M09\/w:auto\/h:auto\/cb:e6me.59ba\/f:best\/ig:avif\/q:mauto\/id:13d5c424018e5b5d85aa4a88bc73e85b\/directUpload\/nubo_rect.jpg",300,300,false],"medium_large":["https:\/\/ml0fu7jiyn3s.i.optimole.com\/co-ZpyQ-v4588M09\/w:auto\/h:auto\/cb:e6me.59ba\/f:best\/ig:avif\/q:mauto\/id:13d5c424018e5b5d85aa4a88bc73e85b\/directUpload\/nubo_rect.jpg",768,0,false],"large":["https:\/\/ml0fu7jiyn3s.i.optimole.com\/co-ZpyQ-v4588M09\/w:auto\/h:auto\/cb:e6me.59ba\/f:best\/ig:avif\/q:mauto\/id:13d5c424018e5b5d85aa4a88bc73e85b\/directUpload\/nubo_rect.jpg",1024,1024,false],"1536x1536":["https:\/\/ml0fu7jiyn3s.i.optimole.com\/co-ZpyQ-v4588M09\/w:auto\/h:auto\/cb:e6me.59ba\/f:best\/ig:avif\/q:mauto\/id:13d5c424018e5b5d85aa4a88bc73e85b\/directUpload\/nubo_rect.jpg",1536,1536,false],"2048x2048":["https:\/\/ml0fu7jiyn3s.i.optimole.com\/co-ZpyQ-v4588M09\/w:auto\/h:auto\/cb:e6me.59ba\/f:best\/ig:avif\/q:mauto\/id:13d5c424018e5b5d85aa4a88bc73e85b\/directUpload\/nubo_rect.jpg",2048,2048,false],"trp-custom-language-flag":["https:\/\/ml0fu7jiyn3s.i.optimole.com\/co-ZpyQ-v4588M09\/w:auto\/h:auto\/cb:e6me.59ba\/f:best\/ig:avif\/q:mauto\/id:13d5c424018e5b5d85aa4a88bc73e85b\/directUpload\/nubo_rect.jpg",18,12,false],"ocean-thumb-m":["https:\/\/ml0fu7jiyn3s.i.optimole.com\/co-ZpyQ-v4588M09\/w:auto\/h:auto\/g:ce\/rt:fill\/cb:e6me.59ba\/f:best\/ig:avif\/q:mauto\/id:13d5c424018e5b5d85aa4a88bc73e85b\/directUpload\/nubo_rect.jpg",600,600,true],"ocean-thumb-ml":["https:\/\/ml0fu7jiyn3s.i.optimole.com\/co-ZpyQ-v4588M09\/w:auto\/h:auto\/g:ce\/rt:fill\/cb:e6me.59ba\/f:best\/ig:avif\/q:mauto\/id:13d5c424018e5b5d85aa4a88bc73e85b\/directUpload\/nubo_rect.jpg",800,450,true],"ocean-thumb-l":["https:\/\/ml0fu7jiyn3s.i.optimole.com\/co-ZpyQ-v4588M09\/w:auto\/h:auto\/g:ce\/rt:fill\/cb:e6me.59ba\/f:best\/ig:avif\/q:mauto\/id:13d5c424018e5b5d85aa4a88bc73e85b\/directUpload\/nubo_rect.jpg",1200,700,true]},"uagb_author_info":{"display_name":"Chenar","author_link":"https:\/\/www.quentindupressoir.fr\/en\/author\/chenar\/"},"uagb_comment_info":0,"uagb_excerpt":"Nubo Nubo est un service d&rsquo;assistance \u00e0 la pr\u00e9paration de votre mariage. Le concept est de simplifier la pr\u00e9paration de mariage en proposant des recommandation selon vos pr\u00e9f\u00e9rences et go\u00fbt. Cet outil permets \u00e9galement le suivi de budget et la s\u00e9lection de prestataires. EntrepriseNubo Comp\u00e9tenceMotion Design, Branding, Illustration, Business Conception Ann\u00e9e2018 Website Website","_links":{"self":[{"href":"https:\/\/www.quentindupressoir.fr\/en\/wp-json\/wp\/v2\/pages\/1912"}],"collection":[{"href":"https:\/\/www.quentindupressoir.fr\/en\/wp-json\/wp\/v2\/pages"}],"about":[{"href":"https:\/\/www.quentindupressoir.fr\/en\/wp-json\/wp\/v2\/types\/page"}],"author":[{"embeddable":true,"href":"https:\/\/www.quentindupressoir.fr\/en\/wp-json\/wp\/v2\/users\/1"}],"replies":[{"embeddable":true,"href":"https:\/\/www.quentindupressoir.fr\/en\/wp-json\/wp\/v2\/comments?post=1912"}],"version-history":[{"count":11,"href":"https:\/\/www.quentindupressoir.fr\/en\/wp-json\/wp\/v2\/pages\/1912\/revisions"}],"predecessor-version":[{"id":2668,"href":"https:\/\/www.quentindupressoir.fr\/en\/wp-json\/wp\/v2\/pages\/1912\/revisions\/2668"}],"wp:featuredmedia":[{"embeddable":true,"href":"https:\/\/www.quentindupressoir.fr\/en\/wp-json\/wp\/v2\/media\/2417"}],"wp:attachment":[{"href":"https:\/\/www.quentindupressoir.fr\/en\/wp-json\/wp\/v2\/media?parent=1912"}],"curies":[{"name":"wp","href":"https:\/\/api.w.org\/{rel}","templated":true}]}}