{"id":1927,"date":"2023-11-03T11:29:47","date_gmt":"2023-11-03T10:29:47","guid":{"rendered":"http:\/\/192-168-1-21.chenar.direct.quickconnect.to\/wordpress\/?page_id=1927"},"modified":"2024-03-20T10:18:00","modified_gmt":"2024-03-20T09:18:00","slug":"motiondesign","status":"publish","type":"page","link":"https:\/\/www.quentindupressoir.fr\/en\/motiondesign\/","title":{"rendered":"Motion Design"},"content":{"rendered":"<div class=\"wp-block-uagb-container uagb-block-73119554 alignfull uagb-is-root-container\"><div class=\"uagb-container-inner-blocks-wrap\">\n<div class=\"wp-block-uagb-advanced-heading uagb-block-f4eb43c2\"><h1 class=\"uagb-heading-text\">Motion Design<\/h1><\/div>\n<\/div><\/div>\n\n\n\n<p class=\"has-text-align-center\">Discover a rich collection of motion design, bringing together work from academic training, freelance assignments, and exciting personal projects. This selection showcases a variety of technical and creative skills, illustrating mastery of the Adobe Creative suite and an ability to transform concepts into captivating animations. Each project reflects a passion for visual storytelling, innovation and the exploration of new ideas. <\/p>\n\n\n\n<div class=\"wp-block-uagb-container uagb-block-41e1c6d3 alignfull uagb-is-root-container\"><div class=\"uagb-container-inner-blocks-wrap\">\n<div class=\"wp-block-uagb-container uagb-block-a98c2d47\">\n<p class=\"has-text-align-center\"><strong>Company<\/strong><\/p>\n<\/div>\n\n\n\n<div class=\"wp-block-uagb-container uagb-block-7e5cc191\">\n<p class=\"has-text-align-center\"><strong>Skills<\/strong><br>Motion Design, Branding, Illustration, Business Conception<\/p>\n<\/div>\n\n\n\n<div class=\"wp-block-uagb-container uagb-block-9c4d52e8\">\n<p class=\"has-text-align-center\"><strong>Year<\/strong><br>2016 &#8211; 2022<\/p>\n<\/div>\n\n\n\n<div class=\"wp-block-uagb-container uagb-block-9817a3bd\">\n<p class=\"has-text-align-center\"><strong>Website<\/strong><\/p>\n<\/div>\n<\/div><\/div>\n\n\n\n<div class=\"wp-block-uagb-container uagb-block-ea09deab alignfull uagb-is-root-container\">\n<div class=\"wp-block-uagb-container uagb-block-74dee0a3\">\n<figure class=\"wp-block-embed is-type-video is-provider-vimeo wp-block-embed-vimeo wp-embed-aspect-16-9 wp-has-aspect-ratio\"><div class=\"wp-block-embed__wrapper\">\n<p class=\"responsive-video-wrap clr\"><iframe title=\"B.myhome, Concept pour Bouygues Construction\" src=\"https:\/\/player.vimeo.com\/video\/158988848?dnt=1&amp;app_id=122963\" width=\"1200\" height=\"675\" frameborder=\"0\" allow=\"autoplay; fullscreen; picture-in-picture; clipboard-write\"><\/iframe><\/p>\n<\/div><\/figure>\n<\/div>\n\n\n\n<div class=\"wp-block-uagb-container uagb-block-4d893d73\">\n<div class=\"wp-block-uagb-advanced-heading uagb-block-f8ca13ce\"><h2 class=\"uagb-heading-text\">B my home<\/h2><\/div>\n\n\n\n<p class=\"has-text-align-left mobile-center\">BmyHome is a concept for a home assistant. Through a mobile and tablet application, you can control your smart devices and your home. In the same application, you also have access to events in your city\/neighborhood.<\/p>\n<\/div>\n<\/div>\n\n\n\n<div class=\"wp-block-uagb-container uagb-block-9efc7e7e alignfull uagb-is-root-container\">\n<div class=\"wp-block-uagb-container uagb-block-adbe4969\">\n<figure class=\"wp-block-embed is-type-video is-provider-vimeo wp-block-embed-vimeo wp-embed-aspect-16-9 wp-has-aspect-ratio\"><div class=\"wp-block-embed__wrapper\">\n<p class=\"responsive-video-wrap clr\"><iframe title=\"Pr\u00e9sentation sc\u00e9nographie de l&#039;expo 20\" src=\"https:\/\/player.vimeo.com\/video\/218316576?dnt=1&amp;app_id=122963\" width=\"1200\" height=\"675\" frameborder=\"0\" allow=\"autoplay; fullscreen; picture-in-picture; clipboard-write\"><\/iframe><\/p>\n<\/div><\/figure>\n<\/div>\n\n\n\n<div class=\"wp-block-uagb-container uagb-block-56bfab51\">\n<div class=\"wp-block-uagb-advanced-heading uagb-block-1102aacf\"><h2 class=\"uagb-heading-text\">\u00ab\u00a020\u00a0\u00bb, The Exhibition<\/h2><\/div>\n\n\n\n<p class=\"has-text-align-right mobile-center\">Scenography at the Grand Palais for the \"20\" exhibition. This exhibition offers a journey between different pavilions inspired by the 1900 Paris Universal Exposition. Each pavilion is dedicated to an art movement of the 20th century.<\/p>\n<\/div>\n<\/div>\n\n\n\n<div class=\"wp-block-uagb-container uagb-block-edfbb7e9 alignfull uagb-is-root-container\">\n<div class=\"wp-block-uagb-container uagb-block-1a9464de\">\n<figure class=\"wp-block-embed is-type-video is-provider-vimeo wp-block-embed-vimeo wp-embed-aspect-16-9 wp-has-aspect-ratio\"><div class=\"wp-block-embed__wrapper\">\n<p class=\"responsive-video-wrap clr\"><iframe title=\"Pr\u00e9sentation d&#039;une nouvelle version d&#039;un logiciel de comptabilit\u00e9\" src=\"https:\/\/player.vimeo.com\/video\/216066196?dnt=1&amp;app_id=122963\" width=\"1200\" height=\"675\" frameborder=\"0\" allow=\"autoplay; fullscreen; picture-in-picture; clipboard-write\"><\/iframe><\/p>\n<\/div><\/figure>\n<\/div>\n\n\n\n<div class=\"wp-block-uagb-container uagb-block-cc1dda1f\">\n<div class=\"wp-block-uagb-advanced-heading uagb-block-81861cd8\"><h2 class=\"uagb-heading-text\">Software presentation<\/h2><\/div>\n\n\n\n<p class=\"has-text-align-left mobile-center\">Introduction of a new version of accounting software.<\/p>\n<\/div>\n<\/div>\n\n\n\n<div class=\"wp-block-uagb-container uagb-block-0262eae5 alignfull uagb-is-root-container\">\n<div class=\"wp-block-uagb-container uagb-block-48721f19\">\n<figure class=\"wp-block-embed is-type-video is-provider-vimeo wp-block-embed-vimeo wp-embed-aspect-4-3 wp-has-aspect-ratio\"><div class=\"wp-block-embed__wrapper\">\n<p class=\"responsive-video-wrap clr\"><iframe title=\"Opening S\u00e9rie Amazones (Workshop)\" src=\"https:\/\/player.vimeo.com\/video\/149435236?dnt=1&amp;app_id=122963\" width=\"1200\" height=\"900\" frameborder=\"0\" allow=\"autoplay; fullscreen; picture-in-picture; clipboard-write\"><\/iframe><\/p>\n<\/div><\/figure>\n<\/div>\n\n\n\n<div class=\"wp-block-uagb-container uagb-block-95329888\">\n<div class=\"wp-block-uagb-advanced-heading uagb-block-f23bd9ec\"><h2 class=\"uagb-heading-text\">Amazones, webserie <\/h2><\/div>\n\n\n\n<p class=\"has-text-align-right mobile-center\">Proposed opening credits for the post-apocalyptic series AMAZONES!<\/p>\n<\/div>\n<\/div>","protected":false},"excerpt":{"rendered":"<p>Motion Design D\u00e9couvrez une collection riche en motion design, rassemblant des travaux issus de formations acad\u00e9miques, de missions en freelance, et de projets personnels passionnants. Cette s\u00e9lection met en avant une vari\u00e9t\u00e9 de comp\u00e9tences techniques et cr\u00e9atives, illustrant la ma\u00eetrise de la suite Adobe Creative et une capacit\u00e9 \u00e0 transformer des concepts en animations captivantes. [&hellip;]<\/p>","protected":false},"author":1,"featured_media":2410,"parent":0,"menu_order":0,"comment_status":"closed","ping_status":"closed","template":"elementor_header_footer","meta":{"_seopress_robots_primary_cat":"","_seopress_titles_title":"Quentin Dupressoir | Motion Designer & graphiste | Motion Design","_seopress_titles_desc":"D\u00e9couvrez une collection riche en motion design, rassemblant des travaux issus de formations acad\u00e9miques, de missions en freelance, et de projets personnels passionnants. ","_seopress_robots_index":"","_uag_custom_page_level_css":"","ocean_post_layout":"","ocean_both_sidebars_style":"","ocean_both_sidebars_content_width":0,"ocean_both_sidebars_sidebars_width":0,"ocean_sidebar":"","ocean_second_sidebar":"","ocean_disable_margins":"enable","ocean_add_body_class":"","ocean_shortcode_before_top_bar":"","ocean_shortcode_after_top_bar":"","ocean_shortcode_before_header":"","ocean_shortcode_after_header":"","ocean_has_shortcode":"","ocean_shortcode_after_title":"","ocean_shortcode_before_footer_widgets":"","ocean_shortcode_after_footer_widgets":"","ocean_shortcode_before_footer_bottom":"","ocean_shortcode_after_footer_bottom":"","ocean_display_top_bar":"default","ocean_display_header":"default","ocean_header_style":"","ocean_center_header_left_menu":"","ocean_custom_header_template":"","ocean_custom_logo":0,"ocean_custom_retina_logo":0,"ocean_custom_logo_max_width":0,"ocean_custom_logo_tablet_max_width":0,"ocean_custom_logo_mobile_max_width":0,"ocean_custom_logo_max_height":0,"ocean_custom_logo_tablet_max_height":0,"ocean_custom_logo_mobile_max_height":0,"ocean_header_custom_menu":"","ocean_menu_typo_font_family":"","ocean_menu_typo_font_subset":"","ocean_menu_typo_font_size":0,"ocean_menu_typo_font_size_tablet":0,"ocean_menu_typo_font_size_mobile":0,"ocean_menu_typo_font_size_unit":"px","ocean_menu_typo_font_weight":"","ocean_menu_typo_font_weight_tablet":"","ocean_menu_typo_font_weight_mobile":"","ocean_menu_typo_transform":"","ocean_menu_typo_transform_tablet":"","ocean_menu_typo_transform_mobile":"","ocean_menu_typo_line_height":0,"ocean_menu_typo_line_height_tablet":0,"ocean_menu_typo_line_height_mobile":0,"ocean_menu_typo_line_height_unit":"","ocean_menu_typo_spacing":0,"ocean_menu_typo_spacing_tablet":0,"ocean_menu_typo_spacing_mobile":0,"ocean_menu_typo_spacing_unit":"","ocean_menu_link_color":"","ocean_menu_link_color_hover":"","ocean_menu_link_color_active":"","ocean_menu_link_background":"","ocean_menu_link_hover_background":"","ocean_menu_link_active_background":"","ocean_menu_social_links_bg":"","ocean_menu_social_hover_links_bg":"","ocean_menu_social_links_color":"","ocean_menu_social_hover_links_color":"","ocean_disable_title":"default","ocean_disable_heading":"default","ocean_post_title":"","ocean_post_subheading":"","ocean_post_title_style":"","ocean_post_title_background_color":"","ocean_post_title_background":0,"ocean_post_title_bg_image_position":"","ocean_post_title_bg_image_attachment":"","ocean_post_title_bg_image_repeat":"","ocean_post_title_bg_image_size":"","ocean_post_title_height":0,"ocean_post_title_bg_overlay":0.5,"ocean_post_title_bg_overlay_color":"","ocean_disable_breadcrumbs":"default","ocean_breadcrumbs_color":"","ocean_breadcrumbs_separator_color":"","ocean_breadcrumbs_links_color":"","ocean_breadcrumbs_links_hover_color":"","ocean_display_footer_widgets":"default","ocean_display_footer_bottom":"default","ocean_custom_footer_template":""},"uagb_featured_image_src":{"full":["https:\/\/ml0fu7jiyn3s.i.optimole.com\/co-ZpyQ-TKs4V62p\/w:auto\/h:auto\/cb:e6me.59ba\/f:best\/ig:avif\/q:mauto\/id:d902900833ee1ca3946c291c9475f413\/directUpload\/Motion.gif",400,225,false],"thumbnail":["https:\/\/ml0fu7jiyn3s.i.optimole.com\/co-ZpyQ-TKs4V62p\/w:auto\/h:auto\/g:ce\/rt:fill\/cb:e6me.59ba\/f:best\/ig:avif\/q:mauto\/id:d902900833ee1ca3946c291c9475f413\/directUpload\/Motion.gif",150,150,true],"medium":["https:\/\/ml0fu7jiyn3s.i.optimole.com\/co-ZpyQ-TKs4V62p\/w:auto\/h:auto\/cb:e6me.59ba\/f:best\/ig:avif\/q:mauto\/id:d902900833ee1ca3946c291c9475f413\/directUpload\/Motion.gif",300,300,false],"medium_large":["https:\/\/ml0fu7jiyn3s.i.optimole.com\/co-ZpyQ-TKs4V62p\/w:auto\/h:auto\/cb:e6me.59ba\/f:best\/ig:avif\/q:mauto\/id:d902900833ee1ca3946c291c9475f413\/directUpload\/Motion.gif",768,0,false],"large":["https:\/\/ml0fu7jiyn3s.i.optimole.com\/co-ZpyQ-TKs4V62p\/w:auto\/h:auto\/cb:e6me.59ba\/f:best\/ig:avif\/q:mauto\/id:d902900833ee1ca3946c291c9475f413\/directUpload\/Motion.gif",1024,1024,false],"1536x1536":["https:\/\/ml0fu7jiyn3s.i.optimole.com\/co-ZpyQ-TKs4V62p\/w:auto\/h:auto\/cb:e6me.59ba\/f:best\/ig:avif\/q:mauto\/id:d902900833ee1ca3946c291c9475f413\/directUpload\/Motion.gif",1536,1536,false],"2048x2048":["https:\/\/ml0fu7jiyn3s.i.optimole.com\/co-ZpyQ-TKs4V62p\/w:auto\/h:auto\/cb:e6me.59ba\/f:best\/ig:avif\/q:mauto\/id:d902900833ee1ca3946c291c9475f413\/directUpload\/Motion.gif",2048,2048,false],"trp-custom-language-flag":["https:\/\/ml0fu7jiyn3s.i.optimole.com\/co-ZpyQ-TKs4V62p\/w:auto\/h:auto\/cb:e6me.59ba\/f:best\/ig:avif\/q:mauto\/id:d902900833ee1ca3946c291c9475f413\/directUpload\/Motion.gif",18,12,false],"ocean-thumb-m":["https:\/\/ml0fu7jiyn3s.i.optimole.com\/co-ZpyQ-TKs4V62p\/w:auto\/h:auto\/g:ce\/rt:fill\/cb:e6me.59ba\/f:best\/ig:avif\/q:mauto\/id:d902900833ee1ca3946c291c9475f413\/directUpload\/Motion.gif",600,600,true],"ocean-thumb-ml":["https:\/\/ml0fu7jiyn3s.i.optimole.com\/co-ZpyQ-TKs4V62p\/w:auto\/h:auto\/g:ce\/rt:fill\/cb:e6me.59ba\/f:best\/ig:avif\/q:mauto\/id:d902900833ee1ca3946c291c9475f413\/directUpload\/Motion.gif",800,450,true],"ocean-thumb-l":["https:\/\/ml0fu7jiyn3s.i.optimole.com\/co-ZpyQ-TKs4V62p\/w:auto\/h:auto\/g:ce\/rt:fill\/cb:e6me.59ba\/f:best\/ig:avif\/q:mauto\/id:d902900833ee1ca3946c291c9475f413\/directUpload\/Motion.gif",1200,700,true]},"uagb_author_info":{"display_name":"Chenar","author_link":"https:\/\/www.quentindupressoir.fr\/en\/author\/chenar\/"},"uagb_comment_info":0,"uagb_excerpt":"Motion Design D\u00e9couvrez une collection riche en motion design, rassemblant des travaux issus de formations acad\u00e9miques, de missions en freelance, et de projets personnels passionnants. Cette s\u00e9lection met en avant une vari\u00e9t\u00e9 de comp\u00e9tences techniques et cr\u00e9atives, illustrant la ma\u00eetrise de la suite Adobe Creative et une capacit\u00e9 \u00e0 transformer des concepts en animations captivantes.&hellip;","_links":{"self":[{"href":"https:\/\/www.quentindupressoir.fr\/en\/wp-json\/wp\/v2\/pages\/1927"}],"collection":[{"href":"https:\/\/www.quentindupressoir.fr\/en\/wp-json\/wp\/v2\/pages"}],"about":[{"href":"https:\/\/www.quentindupressoir.fr\/en\/wp-json\/wp\/v2\/types\/page"}],"author":[{"embeddable":true,"href":"https:\/\/www.quentindupressoir.fr\/en\/wp-json\/wp\/v2\/users\/1"}],"replies":[{"embeddable":true,"href":"https:\/\/www.quentindupressoir.fr\/en\/wp-json\/wp\/v2\/comments?post=1927"}],"version-history":[{"count":4,"href":"https:\/\/www.quentindupressoir.fr\/en\/wp-json\/wp\/v2\/pages\/1927\/revisions"}],"predecessor-version":[{"id":2725,"href":"https:\/\/www.quentindupressoir.fr\/en\/wp-json\/wp\/v2\/pages\/1927\/revisions\/2725"}],"wp:featuredmedia":[{"embeddable":true,"href":"https:\/\/www.quentindupressoir.fr\/en\/wp-json\/wp\/v2\/media\/2410"}],"wp:attachment":[{"href":"https:\/\/www.quentindupressoir.fr\/en\/wp-json\/wp\/v2\/media?parent=1927"}],"curies":[{"name":"wp","href":"https:\/\/api.w.org\/{rel}","templated":true}]}}