{"id":2039,"date":"2023-11-09T16:23:56","date_gmt":"2023-11-09T15:23:56","guid":{"rendered":"http:\/\/192-168-1-21.chenar.direct.quickconnect.to\/wordpress\/?page_id=2039"},"modified":"2024-03-20T10:25:28","modified_gmt":"2024-03-20T09:25:28","slug":"fruitgy","status":"publish","type":"page","link":"https:\/\/www.quentindupressoir.fr\/en\/fruitgy\/","title":{"rendered":"Fruitgy"},"content":{"rendered":"<div class=\"wp-block-uagb-container uagb-block-73119554 alignfull uagb-is-root-container\"><div class=\"uagb-container-inner-blocks-wrap\">\n<div class=\"wp-block-uagb-advanced-heading uagb-block-f4eb43c2\"><h1 class=\"uagb-heading-text\">Fruitgy<\/h1><\/div>\n<\/div><\/div>\n\n\n\n<p class=\"has-text-align-center\">Fruitgy is a concept for an energy drink based on seasonal fruits.<\/p>\n\n\n\n<div class=\"wp-block-uagb-container uagb-block-41e1c6d3 alignfull uagb-is-root-container\"><div class=\"uagb-container-inner-blocks-wrap\">\n<div class=\"wp-block-uagb-container uagb-block-a98c2d47\">\n<p class=\"has-text-align-center\"><strong>\u00c9cole<\/strong><br>E-ArtSup<\/p>\n<\/div>\n\n\n\n<div class=\"wp-block-uagb-container uagb-block-7e5cc191\">\n<p class=\"has-text-align-center\"><strong>Skills<\/strong><br>Motion Design, Branding, Illustration, Photo Editing <\/p>\n<\/div>\n\n\n\n<div class=\"wp-block-uagb-container uagb-block-9c4d52e8\">\n<p class=\"has-text-align-center\"><strong>Year<\/strong><br>2017<\/p>\n<\/div>\n\n\n\n<div class=\"wp-block-uagb-container uagb-block-9817a3bd\">\n<p class=\"has-text-align-center\"><strong>Website<\/strong><\/p>\n<\/div>\n<\/div><\/div>\n\n\n\n<div class=\"wp-block-uagb-container uagb-block-ea09deab alignfull uagb-is-root-container\">\n<div class=\"wp-block-uagb-container uagb-block-74dee0a3\">\n<figure class=\"wp-block-embed is-type-video is-provider-vimeo wp-block-embed-vimeo wp-embed-aspect-4-3 wp-has-aspect-ratio\"><div class=\"wp-block-embed__wrapper\">\n<p class=\"responsive-video-wrap clr\"><iframe title=\"Fruitgy : Product presentation\" src=\"https:\/\/player.vimeo.com\/video\/131469618?dnt=1&amp;app_id=122963\" width=\"1200\" height=\"900\" frameborder=\"0\" allow=\"autoplay; fullscreen; picture-in-picture; clipboard-write\"><\/iframe><\/p>\n<\/div><\/figure>\n<\/div>\n\n\n\n<div class=\"wp-block-uagb-container uagb-block-4d893d73\">\n<div class=\"wp-block-uagb-advanced-heading uagb-block-f8ca13ce\"><h2 class=\"uagb-heading-text\">Motion design presentation<\/h2><\/div>\n<\/div>\n<\/div>\n\n\n\n<div class=\"wp-block-uagb-container uagb-block-9efc7e7e alignfull uagb-is-root-container\">\n<div class=\"wp-block-uagb-container uagb-block-adbe4969\">\n<div class=\"wp-block-uagb-slider uagb-block-475ec1f8 uagb-slider-container\"><div class=\"uagb-slides uagb-swiper\"><div class=\"swiper-wrapper\">\n<div class=\"wp-block-uagb-slider-child uagb-slider-child-wrap swiper-slide uagb-block-e323eba5\"><div class=\"swiper-content\">\n<div class=\"wp-block-uagb-image aligncenter uagb-block-c7b30814 wp-block-uagb-image--layout-default wp-block-uagb-image--effect-static wp-block-uagb-image--align-center\"><figure class=\"wp-block-uagb-image__figure\"><img fetchpriority=\"high\" decoding=\"async\" srcset=\"https:\/\/ml0fu7jiyn3s.i.optimole.com\/co-ZpyQ-sH2pn01j\/w:auto\/h:auto\/cb:e6me.59ba\/f:best\/ig:avif\/q:mauto\/id:afcef5e781fa81858ce3a33fc6c1239b\/directUpload\/Affiche-Fruitgy-V1.jpg ,https:\/\/ml0fu7jiyn3s.i.optimole.com\/co-ZpyQ-sH2pn01j\/w:auto\/h:auto\/cb:e6me.59ba\/f:best\/ig:avif\/q:mauto\/id:afcef5e781fa81858ce3a33fc6c1239b\/directUpload\/Affiche-Fruitgy-V1.jpg 780w, https:\/\/ml0fu7jiyn3s.i.optimole.com\/co-ZpyQ-sH2pn01j\/w:auto\/h:auto\/cb:e6me.59ba\/f:best\/ig:avif\/q:mauto\/id:afcef5e781fa81858ce3a33fc6c1239b\/directUpload\/Affiche-Fruitgy-V1.jpg 360w\" sizes=\"(max-width: 480px) 150px\" src=\"https:\/\/ml0fu7jiyn3s.i.optimole.com\/co-ZpyQ-sH2pn01j\/w:auto\/h:auto\/cb:e6me.59ba\/f:best\/ig:avif\/q:mauto\/id:afcef5e781fa81858ce3a33fc6c1239b\/directUpload\/Affiche-Fruitgy-V1.jpg\" alt=\"Affiche de publicit\u00e9 pour fruitgy\" class=\"uag-image-2597\" width=\"595\" height=\"794\" title=\"Affiche-Fruitgy-V1\" loading=\"lazy\" role=\"img\"\/><figcaption class=\"uagb-image-caption\">Version 1<\/figcaption><\/figure><\/div>\n<\/div><\/div>\n\n\n\n<div class=\"wp-block-uagb-slider-child uagb-slider-child-wrap swiper-slide uagb-block-82277106\"><div class=\"swiper-content\">\n<div class=\"wp-block-uagb-image aligncenter uagb-block-ef8fb16d wp-block-uagb-image--layout-default wp-block-uagb-image--effect-static wp-block-uagb-image--align-center\"><figure class=\"wp-block-uagb-image__figure\"><img fetchpriority=\"high\" decoding=\"async\" srcset=\"https:\/\/ml0fu7jiyn3s.i.optimole.com\/5UGPSCU-005DZLqA\/w:auto\/h:auto\/cb:e6me.59ba\/f:best\/ig:avif\/q:mauto\/id:6fe241e5a1b96795684172ae6720b1c8\/https:\/\/www.quentindupressoir.fr\/pubfruitgy.jpg ,https:\/\/ml0fu7jiyn3s.i.optimole.com\/5UGPSCU-005DZLqA\/w:auto\/h:auto\/cb:e6me.59ba\/f:best\/ig:avif\/q:mauto\/id:6fe241e5a1b96795684172ae6720b1c8\/https:\/\/www.quentindupressoir.fr\/pubfruitgy.jpg 780w, https:\/\/ml0fu7jiyn3s.i.optimole.com\/5UGPSCU-005DZLqA\/w:auto\/h:auto\/cb:e6me.59ba\/f:best\/ig:avif\/q:mauto\/id:6fe241e5a1b96795684172ae6720b1c8\/https:\/\/www.quentindupressoir.fr\/pubfruitgy.jpg 360w\" sizes=\"(max-width: 480px) 150px\" src=\"https:\/\/ml0fu7jiyn3s.i.optimole.com\/5UGPSCU-005DZLqA\/w:auto\/h:auto\/cb:e6me.59ba\/f:best\/ig:avif\/q:mauto\/id:6fe241e5a1b96795684172ae6720b1c8\/https:\/\/www.quentindupressoir.fr\/pubfruitgy.jpg\" alt=\"Affiche de publicit\u00e9 pour fruitgy\" class=\"uag-image-2596\" width=\"595\" height=\"794\" title=\"pubfruitgy\" loading=\"lazy\" role=\"img\"\/><figcaption class=\"uagb-image-caption\">Version 2<\/figcaption><\/figure><\/div>\n<\/div><\/div>\n<\/div><\/div><div class=\"swiper-pagination\"><\/div><\/div>\n<\/div>\n\n\n\n<div class=\"wp-block-uagb-container uagb-block-56bfab51\">\n<div class=\"wp-block-uagb-advanced-heading uagb-block-1102aacf\"><h2 class=\"uagb-heading-text\">Poster ads<\/h2><\/div>\n<\/div>\n<\/div>\n\n\n\n<div class=\"wp-block-uagb-container wp-embed-aspect-4-3 wp-has-aspect-ratio uagb-block-9d912a15 alignfull uagb-is-root-container\">\n<div class=\"wp-block-uagb-container uagb-block-30e69a88\">\n<div class=\"wp-block-uagb-image uagb-block-81d5d071 wp-block-uagb-image--layout-default wp-block-uagb-image--effect-static wp-block-uagb-image--align-none\"><figure class=\"wp-block-uagb-image__figure\"><img data-opt-src=\"https:\/\/ml0fu7jiyn3s.i.optimole.com\/co-ZpyQ-DBMjb3fx\/w:auto\/h:auto\/cb:e6me.59ba\/f:best\/ig:avif\/q:mauto\/id:6176256f4ef8d8047060c4d9140d7834\/directUpload\/Bg-place-inside-PSD.png\"  decoding=\"async\" old-srcset=\"https:\/\/ml0fu7jiyn3s.i.optimole.com\/co-ZpyQ-DBMjb3fx\/w:auto\/h:auto\/cb:e6me.59ba\/f:best\/ig:avif\/q:mauto\/id:6176256f4ef8d8047060c4d9140d7834\/directUpload\/Bg-place-inside-PSD.png ,https:\/\/ml0fu7jiyn3s.i.optimole.com\/co-ZpyQ-DBMjb3fx\/w:auto\/h:auto\/cb:e6me.59ba\/f:best\/ig:avif\/q:mauto\/id:6176256f4ef8d8047060c4d9140d7834\/directUpload\/Bg-place-inside-PSD.png 780w, https:\/\/ml0fu7jiyn3s.i.optimole.com\/co-ZpyQ-DBMjb3fx\/w:auto\/h:auto\/cb:e6me.59ba\/f:best\/ig:avif\/q:mauto\/id:6176256f4ef8d8047060c4d9140d7834\/directUpload\/Bg-place-inside-PSD.png 360w\" src=\"data:image/svg+xml,%3Csvg%20viewBox%3D%220%200%20100%%20100%%22%20width%3D%22100%%22%20height%3D%22100%%22%20xmlns%3D%22http%3A%2F%2Fwww.w3.org%2F2000%2Fsvg%22%3E%3Crect%20width%3D%22100%%22%20height%3D%22100%%22%20fill%3D%22transparent%22%2F%3E%3C%2Fsvg%3E\" alt=\"T-shirt de fruitgy\" class=\"uag-image-2598\" width=\"1024\" height=\"1024\" title=\"Bg-place-inside-PSD\" loading=\"lazy\" role=\"img\"\/><\/figure><\/div>\n<\/div>\n\n\n\n<div class=\"wp-block-uagb-container uagb-block-bbc457c8\">\n<div class=\"wp-block-uagb-advanced-heading uagb-block-2a6dfb1f\"><h2 class=\"uagb-heading-text\">T-Shirt<\/h2><\/div>\n<\/div>\n<\/div>\n\n\n\n<div class=\"wp-block-uagb-container wp-embed-aspect-4-3 wp-has-aspect-ratio uagb-block-6950c666 alignfull uagb-is-root-container\">\n<div class=\"wp-block-uagb-container uagb-block-0b9e5aa6\">\n<div class=\"wp-block-uagb-slider uagb-block-9ecc8baa uagb-slider-container\"><div class=\"uagb-slides uagb-swiper\"><div class=\"swiper-wrapper\">\n<div class=\"wp-block-uagb-slider-child uagb-slider-child-wrap swiper-slide uagb-block-8ef9d35a\"><div class=\"swiper-content\">\n<div class=\"wp-block-uagb-image uagb-block-222363c0 wp-block-uagb-image--layout-default wp-block-uagb-image--effect-static wp-block-uagb-image--align-none\"><figure class=\"wp-block-uagb-image__figure\"><img data-opt-src=\"https:\/\/ml0fu7jiyn3s.i.optimole.com\/co-ZpyQ-Q0JqAv3r\/w:auto\/h:auto\/cb:e6me.59ba\/f:best\/ig:avif\/q:mauto\/id:1e300d5a2484a76bec32d69305c15eae\/directUpload\/metro-mock-up.jpg\"  decoding=\"async\" old-srcset=\"https:\/\/ml0fu7jiyn3s.i.optimole.com\/co-ZpyQ-Q0JqAv3r\/w:auto\/h:auto\/cb:e6me.59ba\/f:best\/ig:avif\/q:mauto\/id:1e300d5a2484a76bec32d69305c15eae\/directUpload\/metro-mock-up.jpg ,https:\/\/ml0fu7jiyn3s.i.optimole.com\/co-ZpyQ-Q0JqAv3r\/w:auto\/h:auto\/cb:e6me.59ba\/f:best\/ig:avif\/q:mauto\/id:1e300d5a2484a76bec32d69305c15eae\/directUpload\/metro-mock-up.jpg 780w, https:\/\/ml0fu7jiyn3s.i.optimole.com\/co-ZpyQ-Q0JqAv3r\/w:auto\/h:auto\/cb:e6me.59ba\/f:best\/ig:avif\/q:mauto\/id:1e300d5a2484a76bec32d69305c15eae\/directUpload\/metro-mock-up.jpg 360w\" src=\"data:image/svg+xml,%3Csvg%20viewBox%3D%220%200%20100%%20100%%22%20width%3D%22100%%22%20height%3D%22100%%22%20xmlns%3D%22http%3A%2F%2Fwww.w3.org%2F2000%2Fsvg%22%3E%3Crect%20width%3D%22100%%22%20height%3D%22100%%22%20fill%3D%22transparent%22%2F%3E%3C%2Fsvg%3E\" alt=\"Mockup d'affiche de m\u00e9tro pour fruitgy\" class=\"uag-image-2603\" width=\"1024\" height=\"1024\" title=\"metro-mock-up\" loading=\"lazy\" role=\"img\"\/><figcaption class=\"uagb-image-caption\">Affiche dans le m\u00e9tro<\/figcaption><\/figure><\/div>\n<\/div><\/div>\n\n\n\n<div class=\"wp-block-uagb-slider-child uagb-slider-child-wrap swiper-slide uagb-block-94c6b754\"><div class=\"swiper-content\">\n<div class=\"wp-block-uagb-image uagb-block-1661073e wp-block-uagb-image--layout-default wp-block-uagb-image--effect-static wp-block-uagb-image--align-none\"><figure class=\"wp-block-uagb-image__figure\"><img data-opt-src=\"https:\/\/ml0fu7jiyn3s.i.optimole.com\/co-ZpyQ-kdKX21gh\/w:auto\/h:auto\/cb:e6me.59ba\/f:best\/ig:avif\/q:mauto\/id:d8ffb421458d7da994d6561cf827104b\/directUpload\/affiche-street.jpg\"  decoding=\"async\" old-srcset=\"https:\/\/ml0fu7jiyn3s.i.optimole.com\/co-ZpyQ-kdKX21gh\/w:auto\/h:auto\/cb:e6me.59ba\/f:best\/ig:avif\/q:mauto\/id:d8ffb421458d7da994d6561cf827104b\/directUpload\/affiche-street.jpg ,https:\/\/ml0fu7jiyn3s.i.optimole.com\/co-ZpyQ-kdKX21gh\/w:auto\/h:auto\/cb:e6me.59ba\/f:best\/ig:avif\/q:mauto\/id:d8ffb421458d7da994d6561cf827104b\/directUpload\/affiche-street.jpg 780w, https:\/\/ml0fu7jiyn3s.i.optimole.com\/co-ZpyQ-kdKX21gh\/w:auto\/h:auto\/cb:e6me.59ba\/f:best\/ig:avif\/q:mauto\/id:d8ffb421458d7da994d6561cf827104b\/directUpload\/affiche-street.jpg 360w\" src=\"data:image/svg+xml,%3Csvg%20viewBox%3D%220%200%20100%%20100%%22%20width%3D%22100%%22%20height%3D%22100%%22%20xmlns%3D%22http%3A%2F%2Fwww.w3.org%2F2000%2Fsvg%22%3E%3Crect%20width%3D%22100%%22%20height%3D%22100%%22%20fill%3D%22transparent%22%2F%3E%3C%2Fsvg%3E\" alt=\"Mockup Affiche de rue pour une publicit\u00e9 de fruitgy\" class=\"uag-image-2604\" width=\"1024\" height=\"1024\" title=\"affiche-street\" loading=\"lazy\" role=\"img\"\/><figcaption class=\"uagb-image-caption\">Affiche dans la rue<\/figcaption><\/figure><\/div>\n<\/div><\/div>\n\n\n\n<div class=\"wp-block-uagb-slider-child uagb-slider-child-wrap swiper-slide uagb-block-69ec9215\"><div class=\"swiper-content\">\n<div class=\"wp-block-uagb-image uagb-block-7eea3132 wp-block-uagb-image--layout-default wp-block-uagb-image--effect-static wp-block-uagb-image--align-none\"><figure class=\"wp-block-uagb-image__figure\"><img data-opt-src=\"https:\/\/ml0fu7jiyn3s.i.optimole.com\/co-ZpyQ-gBSCs9FD\/w:auto\/h:auto\/cb:e6me.59ba\/f:best\/ig:avif\/q:mauto\/id:68d02f223f65551043b72799fb6cd069\/directUpload\/bus-mock-up-face.jpg\"  decoding=\"async\" old-srcset=\"https:\/\/ml0fu7jiyn3s.i.optimole.com\/co-ZpyQ-gBSCs9FD\/w:auto\/h:auto\/cb:e6me.59ba\/f:best\/ig:avif\/q:mauto\/id:68d02f223f65551043b72799fb6cd069\/directUpload\/bus-mock-up-face.jpg ,https:\/\/ml0fu7jiyn3s.i.optimole.com\/co-ZpyQ-gBSCs9FD\/w:auto\/h:auto\/cb:e6me.59ba\/f:best\/ig:avif\/q:mauto\/id:68d02f223f65551043b72799fb6cd069\/directUpload\/bus-mock-up-face.jpg 780w, https:\/\/ml0fu7jiyn3s.i.optimole.com\/co-ZpyQ-gBSCs9FD\/w:auto\/h:auto\/cb:e6me.59ba\/f:best\/ig:avif\/q:mauto\/id:68d02f223f65551043b72799fb6cd069\/directUpload\/bus-mock-up-face.jpg 360w\" src=\"data:image/svg+xml,%3Csvg%20viewBox%3D%220%200%20100%%20100%%22%20width%3D%22100%%22%20height%3D%22100%%22%20xmlns%3D%22http%3A%2F%2Fwww.w3.org%2F2000%2Fsvg%22%3E%3Crect%20width%3D%22100%%22%20height%3D%22100%%22%20fill%3D%22transparent%22%2F%3E%3C%2Fsvg%3E\" alt=\"Face de bus avec une affiche de publicit\u00e9 de fruitgy\" class=\"uag-image-2599\" width=\"1024\" height=\"1024\" title=\"bus-mock-up-face\" loading=\"lazy\" role=\"img\"\/><figcaption class=\"uagb-image-caption\">Affiche sur la face frontale d&rsquo;un bus<\/figcaption><\/figure><\/div>\n<\/div><\/div>\n\n\n\n<div class=\"wp-block-uagb-slider-child uagb-slider-child-wrap swiper-slide uagb-block-9e083059\"><div class=\"swiper-content\">\n<div class=\"wp-block-uagb-image uagb-block-f70cdaa6 wp-block-uagb-image--layout-default wp-block-uagb-image--effect-static wp-block-uagb-image--align-none\"><figure class=\"wp-block-uagb-image__figure\"><img data-opt-src=\"https:\/\/ml0fu7jiyn3s.i.optimole.com\/co-ZpyQ-0tPDvaBo\/w:auto\/h:auto\/cb:e6me.59ba\/f:best\/ig:avif\/q:mauto\/id:a374ab3fe6a066809d4cfb344f4d65c9\/directUpload\/bus-mock-up.jpg\"  decoding=\"async\" old-srcset=\"https:\/\/ml0fu7jiyn3s.i.optimole.com\/co-ZpyQ-0tPDvaBo\/w:auto\/h:auto\/cb:e6me.59ba\/f:best\/ig:avif\/q:mauto\/id:a374ab3fe6a066809d4cfb344f4d65c9\/directUpload\/bus-mock-up.jpg ,https:\/\/ml0fu7jiyn3s.i.optimole.com\/co-ZpyQ-0tPDvaBo\/w:auto\/h:auto\/cb:e6me.59ba\/f:best\/ig:avif\/q:mauto\/id:a374ab3fe6a066809d4cfb344f4d65c9\/directUpload\/bus-mock-up.jpg 780w, https:\/\/ml0fu7jiyn3s.i.optimole.com\/co-ZpyQ-0tPDvaBo\/w:auto\/h:auto\/cb:e6me.59ba\/f:best\/ig:avif\/q:mauto\/id:a374ab3fe6a066809d4cfb344f4d65c9\/directUpload\/bus-mock-up.jpg 360w\" src=\"data:image/svg+xml,%3Csvg%20viewBox%3D%220%200%20100%%20100%%22%20width%3D%22100%%22%20height%3D%22100%%22%20xmlns%3D%22http%3A%2F%2Fwww.w3.org%2F2000%2Fsvg%22%3E%3Crect%20width%3D%22100%%22%20height%3D%22100%%22%20fill%3D%22transparent%22%2F%3E%3C%2Fsvg%3E\" alt=\"Flanc de bus parisien avec une publicit\u00e9 pour fruitgy\" class=\"uag-image-2600\" width=\"1024\" height=\"1024\" title=\"bus-mock-up\" loading=\"lazy\" role=\"img\"\/><figcaption class=\"uagb-image-caption\">Affiche sur le flanc d&rsquo;un bus<\/figcaption><\/figure><\/div>\n<\/div><\/div>\n<\/div><\/div><div class=\"swiper-pagination\"><\/div><\/div>\n<\/div>\n\n\n\n<div class=\"wp-block-uagb-container uagb-block-b50b9469\">\n<div class=\"wp-block-uagb-advanced-heading uagb-block-1c8e34e7\"><h2 class=\"uagb-heading-text\">Advertising Mockup<\/h2><\/div>\n<\/div>\n<\/div>","protected":false},"excerpt":{"rendered":"<p>Fruitgy Fruitgy est un concept de boisson \u00e9nergisante au fruit. \u00c9coleE-ArtSup Comp\u00e9tenceMotion Design, Branding, Illustration, Photo Editing Ann\u00e9e2017 Website Motion design de pr\u00e9sentation Affiche T-Shirt Mise en situation des publicit\u00e9s<\/p>","protected":false},"author":1,"featured_media":2525,"parent":0,"menu_order":0,"comment_status":"closed","ping_status":"closed","template":"","meta":{"_seopress_robots_primary_cat":"","_seopress_titles_title":"Quentin Dupressoir | Motion Design & Graphiste | Fruitgy","_seopress_titles_desc":"Fruitgy est un concept de boisson \u00e9nergisante au fruit.","_seopress_robots_index":"","_uag_custom_page_level_css":"","ocean_post_layout":"","ocean_both_sidebars_style":"","ocean_both_sidebars_content_width":0,"ocean_both_sidebars_sidebars_width":0,"ocean_sidebar":"","ocean_second_sidebar":"","ocean_disable_margins":"enable","ocean_add_body_class":"","ocean_shortcode_before_top_bar":"","ocean_shortcode_after_top_bar":"","ocean_shortcode_before_header":"","ocean_shortcode_after_header":"","ocean_has_shortcode":"","ocean_shortcode_after_title":"","ocean_shortcode_before_footer_widgets":"","ocean_shortcode_after_footer_widgets":"","ocean_shortcode_before_footer_bottom":"","ocean_shortcode_after_footer_bottom":"","ocean_display_top_bar":"default","ocean_display_header":"default","ocean_header_style":"","ocean_center_header_left_menu":"","ocean_custom_header_template":"","ocean_custom_logo":0,"ocean_custom_retina_logo":0,"ocean_custom_logo_max_width":0,"ocean_custom_logo_tablet_max_width":0,"ocean_custom_logo_mobile_max_width":0,"ocean_custom_logo_max_height":0,"ocean_custom_logo_tablet_max_height":0,"ocean_custom_logo_mobile_max_height":0,"ocean_header_custom_menu":"","ocean_menu_typo_font_family":"","ocean_menu_typo_font_subset":"","ocean_menu_typo_font_size":0,"ocean_menu_typo_font_size_tablet":0,"ocean_menu_typo_font_size_mobile":0,"ocean_menu_typo_font_size_unit":"px","ocean_menu_typo_font_weight":"","ocean_menu_typo_font_weight_tablet":"","ocean_menu_typo_font_weight_mobile":"","ocean_menu_typo_transform":"","ocean_menu_typo_transform_tablet":"","ocean_menu_typo_transform_mobile":"","ocean_menu_typo_line_height":0,"ocean_menu_typo_line_height_tablet":0,"ocean_menu_typo_line_height_mobile":0,"ocean_menu_typo_line_height_unit":"","ocean_menu_typo_spacing":0,"ocean_menu_typo_spacing_tablet":0,"ocean_menu_typo_spacing_mobile":0,"ocean_menu_typo_spacing_unit":"","ocean_menu_link_color":"","ocean_menu_link_color_hover":"","ocean_menu_link_color_active":"","ocean_menu_link_background":"","ocean_menu_link_hover_background":"","ocean_menu_link_active_background":"","ocean_menu_social_links_bg":"","ocean_menu_social_hover_links_bg":"","ocean_menu_social_links_color":"","ocean_menu_social_hover_links_color":"","ocean_disable_title":"default","ocean_disable_heading":"default","ocean_post_title":"","ocean_post_subheading":"","ocean_post_title_style":"","ocean_post_title_background_color":"","ocean_post_title_background":0,"ocean_post_title_bg_image_position":"","ocean_post_title_bg_image_attachment":"","ocean_post_title_bg_image_repeat":"","ocean_post_title_bg_image_size":"","ocean_post_title_height":0,"ocean_post_title_bg_overlay":0.5,"ocean_post_title_bg_overlay_color":"","ocean_disable_breadcrumbs":"default","ocean_breadcrumbs_color":"","ocean_breadcrumbs_separator_color":"","ocean_breadcrumbs_links_color":"","ocean_breadcrumbs_links_hover_color":"","ocean_display_footer_widgets":"default","ocean_display_footer_bottom":"default","ocean_custom_footer_template":""},"uagb_featured_image_src":{"full":["https:\/\/ml0fu7jiyn3s.i.optimole.com\/cb:e6me.59ba\/w:auto\/h:auto\/q:mauto\/f:best\/ig:avif\/https:\/\/www.quentindupressoir.fr\/wp-content\/uploads\/id:0602b64a2c7b23ec95cae2e13e274761\/https:\/\/www.quentindupressoir.fr\/fruitgy-long-e1710809997632.jpg",1280,720,false],"thumbnail":["https:\/\/ml0fu7jiyn3s.i.optimole.com\/cb:e6me.59ba\/w:auto\/h:auto\/q:mauto\/f:best\/ig:avif\/https:\/\/www.quentindupressoir.fr\/wp-content\/uploads\/id:0602b64a2c7b23ec95cae2e13e274761\/https:\/\/www.quentindupressoir.fr\/fruitgy-long-e1710809997632.jpg",150,150,true],"medium":["https:\/\/ml0fu7jiyn3s.i.optimole.com\/cb:e6me.59ba\/w:auto\/h:auto\/q:mauto\/f:best\/ig:avif\/https:\/\/www.quentindupressoir.fr\/wp-content\/uploads\/id:0602b64a2c7b23ec95cae2e13e274761\/https:\/\/www.quentindupressoir.fr\/fruitgy-long-e1710809997632.jpg",300,300,false],"medium_large":["https:\/\/ml0fu7jiyn3s.i.optimole.com\/cb:e6me.59ba\/w:auto\/h:auto\/q:mauto\/f:best\/ig:avif\/https:\/\/www.quentindupressoir.fr\/wp-content\/uploads\/id:0602b64a2c7b23ec95cae2e13e274761\/https:\/\/www.quentindupressoir.fr\/fruitgy-long-e1710809997632.jpg",768,0,false],"large":["https:\/\/ml0fu7jiyn3s.i.optimole.com\/cb:e6me.59ba\/w:auto\/h:auto\/q:mauto\/f:best\/ig:avif\/https:\/\/www.quentindupressoir.fr\/wp-content\/uploads\/id:0602b64a2c7b23ec95cae2e13e274761\/https:\/\/www.quentindupressoir.fr\/fruitgy-long-e1710809997632.jpg",1024,1024,false],"1536x1536":["https:\/\/ml0fu7jiyn3s.i.optimole.com\/cb:e6me.59ba\/w:auto\/h:auto\/q:mauto\/f:best\/ig:avif\/https:\/\/www.quentindupressoir.fr\/wp-content\/uploads\/id:0602b64a2c7b23ec95cae2e13e274761\/https:\/\/www.quentindupressoir.fr\/fruitgy-long-e1710809997632.jpg",1536,1536,false],"2048x2048":["https:\/\/ml0fu7jiyn3s.i.optimole.com\/cb:e6me.59ba\/w:auto\/h:auto\/q:mauto\/f:best\/ig:avif\/https:\/\/www.quentindupressoir.fr\/wp-content\/uploads\/id:0602b64a2c7b23ec95cae2e13e274761\/https:\/\/www.quentindupressoir.fr\/fruitgy-long-e1710809997632.jpg",2048,2048,false],"trp-custom-language-flag":["https:\/\/ml0fu7jiyn3s.i.optimole.com\/cb:e6me.59ba\/w:auto\/h:auto\/q:mauto\/f:best\/ig:avif\/https:\/\/www.quentindupressoir.fr\/wp-content\/uploads\/id:0602b64a2c7b23ec95cae2e13e274761\/https:\/\/www.quentindupressoir.fr\/fruitgy-long-e1710809997632.jpg",18,12,false],"ocean-thumb-m":["https:\/\/ml0fu7jiyn3s.i.optimole.com\/cb:e6me.59ba\/w:auto\/h:auto\/q:mauto\/f:best\/ig:avif\/https:\/\/www.quentindupressoir.fr\/wp-content\/uploads\/id:0602b64a2c7b23ec95cae2e13e274761\/https:\/\/www.quentindupressoir.fr\/fruitgy-long-e1710809997632.jpg",600,600,true],"ocean-thumb-ml":["https:\/\/ml0fu7jiyn3s.i.optimole.com\/cb:e6me.59ba\/w:auto\/h:auto\/q:mauto\/f:best\/ig:avif\/https:\/\/www.quentindupressoir.fr\/wp-content\/uploads\/id:0602b64a2c7b23ec95cae2e13e274761\/https:\/\/www.quentindupressoir.fr\/fruitgy-long-e1710809997632.jpg",800,450,true],"ocean-thumb-l":["https:\/\/ml0fu7jiyn3s.i.optimole.com\/cb:e6me.59ba\/w:auto\/h:auto\/q:mauto\/f:best\/ig:avif\/https:\/\/www.quentindupressoir.fr\/wp-content\/uploads\/id:0602b64a2c7b23ec95cae2e13e274761\/https:\/\/www.quentindupressoir.fr\/fruitgy-long-e1710809997632.jpg",1200,700,true]},"uagb_author_info":{"display_name":"Chenar","author_link":"https:\/\/www.quentindupressoir.fr\/en\/author\/chenar\/"},"uagb_comment_info":0,"uagb_excerpt":"Fruitgy Fruitgy est un concept de boisson \u00e9nergisante au fruit. \u00c9coleE-ArtSup Comp\u00e9tenceMotion Design, Branding, Illustration, Photo Editing Ann\u00e9e2017 Website Motion design de pr\u00e9sentation Affiche T-Shirt Mise en situation des publicit\u00e9s","_links":{"self":[{"href":"https:\/\/www.quentindupressoir.fr\/en\/wp-json\/wp\/v2\/pages\/2039"}],"collection":[{"href":"https:\/\/www.quentindupressoir.fr\/en\/wp-json\/wp\/v2\/pages"}],"about":[{"href":"https:\/\/www.quentindupressoir.fr\/en\/wp-json\/wp\/v2\/types\/page"}],"author":[{"embeddable":true,"href":"https:\/\/www.quentindupressoir.fr\/en\/wp-json\/wp\/v2\/users\/1"}],"replies":[{"embeddable":true,"href":"https:\/\/www.quentindupressoir.fr\/en\/wp-json\/wp\/v2\/comments?post=2039"}],"version-history":[{"count":19,"href":"https:\/\/www.quentindupressoir.fr\/en\/wp-json\/wp\/v2\/pages\/2039\/revisions"}],"predecessor-version":[{"id":2628,"href":"https:\/\/www.quentindupressoir.fr\/en\/wp-json\/wp\/v2\/pages\/2039\/revisions\/2628"}],"wp:featuredmedia":[{"embeddable":true,"href":"https:\/\/www.quentindupressoir.fr\/en\/wp-json\/wp\/v2\/media\/2525"}],"wp:attachment":[{"href":"https:\/\/www.quentindupressoir.fr\/en\/wp-json\/wp\/v2\/media?parent=2039"}],"curies":[{"name":"wp","href":"https:\/\/api.w.org\/{rel}","templated":true}]}}