{"id":2424,"date":"2024-03-18T18:47:09","date_gmt":"2024-03-18T17:47:09","guid":{"rendered":"https:\/\/www.quentindupressoir.fr\/?page_id=2424"},"modified":"2024-03-19T11:28:18","modified_gmt":"2024-03-19T10:28:18","slug":"showreel","status":"publish","type":"page","link":"https:\/\/www.quentindupressoir.fr\/en\/showreel\/","title":{"rendered":"Showreel"},"content":{"rendered":"<div class=\"wp-block-uagb-container uagb-block-73119554 alignfull uagb-is-root-container\"><div class=\"uagb-container-inner-blocks-wrap\">\n<div class=\"wp-block-uagb-advanced-heading uagb-block-f4eb43c2\"><h1 class=\"uagb-heading-text\">Showreel<\/h1><\/div>\n<\/div><\/div>\n\n\n\n<p class=\"has-text-align-center\">This showreel highlights the projects I have worked on over the past five years, combining professional creations made within various companies and personal and academic projects. It reflects my versatility, creative evolution, and passion for design and motion design, illustrating my commitment to excellence and innovation in all aspects of my work.<\/p>\n\n\n\n<div class=\"wp-block-uagb-container uagb-block-41e1c6d3 alignfull uagb-is-root-container\"><div class=\"uagb-container-inner-blocks-wrap\">\n<div class=\"wp-block-uagb-container uagb-block-a98c2d47\">\n<p class=\"has-text-align-center\"><strong>Company<\/strong><br>Personnal<\/p>\n<\/div>\n\n\n\n<div class=\"wp-block-uagb-container uagb-block-7e5cc191\">\n<p class=\"has-text-align-center\"><strong>Skills<\/strong><br>Motion Design, Illustration, Branding, Product Owner, Voice over<\/p>\n<\/div>\n\n\n\n<div class=\"wp-block-uagb-container uagb-block-9c4d52e8\">\n<p class=\"has-text-align-center\"><strong>Year<\/strong><br>2021<\/p>\n<\/div>\n\n\n\n<div class=\"wp-block-uagb-container uagb-block-9817a3bd\">\n<p class=\"has-text-align-center\"><strong>Website<\/strong><br><\/p>\n<\/div>\n<\/div><\/div>\n\n\n\n<figure class=\"wp-block-embed is-type-video is-provider-vimeo wp-block-embed-vimeo wp-embed-aspect-16-9 wp-has-aspect-ratio\"><div class=\"wp-block-embed__wrapper\">\n<p class=\"responsive-video-wrap clr\"><iframe title=\"Showreel 2021 - Quentin Dupressoir x LifeMarket\" src=\"https:\/\/player.vimeo.com\/video\/686552000?dnt=1&amp;app_id=122963\" width=\"1200\" height=\"675\" frameborder=\"0\" allow=\"autoplay; fullscreen; picture-in-picture; clipboard-write\"><\/iframe><\/p>\n<\/div><\/figure>","protected":false},"excerpt":{"rendered":"<p>Showreel Ce showreel met en lumi\u00e8re les projets sur lesquels j&rsquo;ai travaill\u00e9 au cours des cinq derni\u00e8res ann\u00e9es, alliant cr\u00e9ations professionnelles r\u00e9alis\u00e9es au sein de diverses entreprises et projets personnels et acad\u00e9miques. Il refl\u00e8te ma polyvalence, mon \u00e9volution cr\u00e9ative et ma passion pour le design et le motion design, illustrant mon engagement envers l&rsquo;excellence et [&hellip;]<\/p>","protected":false},"author":1,"featured_media":2334,"parent":0,"menu_order":0,"comment_status":"closed","ping_status":"closed","template":"","meta":{"_seopress_robots_primary_cat":"","_seopress_titles_title":"Quentin Dupressoir | Motion Design & Graphiste | Showreel","_seopress_titles_desc":"Ce showreel met en lumi\u00e8re les projets sur lesquels j'ai travaill\u00e9 au cours des cinq derni\u00e8res ann\u00e9es, alliant cr\u00e9ations professionnelles r\u00e9alis\u00e9es au sein de diverses entreprises et projets personnels et acad\u00e9miques.","_seopress_robots_index":"","_uag_custom_page_level_css":"","ocean_post_layout":"","ocean_both_sidebars_style":"","ocean_both_sidebars_content_width":0,"ocean_both_sidebars_sidebars_width":0,"ocean_sidebar":"","ocean_second_sidebar":"","ocean_disable_margins":"enable","ocean_add_body_class":"","ocean_shortcode_before_top_bar":"","ocean_shortcode_after_top_bar":"","ocean_shortcode_before_header":"","ocean_shortcode_after_header":"","ocean_has_shortcode":"","ocean_shortcode_after_title":"","ocean_shortcode_before_footer_widgets":"","ocean_shortcode_after_footer_widgets":"","ocean_shortcode_before_footer_bottom":"","ocean_shortcode_after_footer_bottom":"","ocean_display_top_bar":"default","ocean_display_header":"default","ocean_header_style":"","ocean_center_header_left_menu":"","ocean_custom_header_template":"","ocean_custom_logo":0,"ocean_custom_retina_logo":0,"ocean_custom_logo_max_width":0,"ocean_custom_logo_tablet_max_width":0,"ocean_custom_logo_mobile_max_width":0,"ocean_custom_logo_max_height":0,"ocean_custom_logo_tablet_max_height":0,"ocean_custom_logo_mobile_max_height":0,"ocean_header_custom_menu":"","ocean_menu_typo_font_family":"","ocean_menu_typo_font_subset":"","ocean_menu_typo_font_size":0,"ocean_menu_typo_font_size_tablet":0,"ocean_menu_typo_font_size_mobile":0,"ocean_menu_typo_font_size_unit":"px","ocean_menu_typo_font_weight":"","ocean_menu_typo_font_weight_tablet":"","ocean_menu_typo_font_weight_mobile":"","ocean_menu_typo_transform":"","ocean_menu_typo_transform_tablet":"","ocean_menu_typo_transform_mobile":"","ocean_menu_typo_line_height":0,"ocean_menu_typo_line_height_tablet":0,"ocean_menu_typo_line_height_mobile":0,"ocean_menu_typo_line_height_unit":"","ocean_menu_typo_spacing":0,"ocean_menu_typo_spacing_tablet":0,"ocean_menu_typo_spacing_mobile":0,"ocean_menu_typo_spacing_unit":"","ocean_menu_link_color":"","ocean_menu_link_color_hover":"","ocean_menu_link_color_active":"","ocean_menu_link_background":"","ocean_menu_link_hover_background":"","ocean_menu_link_active_background":"","ocean_menu_social_links_bg":"","ocean_menu_social_hover_links_bg":"","ocean_menu_social_links_color":"","ocean_menu_social_hover_links_color":"","ocean_disable_title":"default","ocean_disable_heading":"default","ocean_post_title":"","ocean_post_subheading":"","ocean_post_title_style":"","ocean_post_title_background_color":"","ocean_post_title_background":0,"ocean_post_title_bg_image_position":"","ocean_post_title_bg_image_attachment":"","ocean_post_title_bg_image_repeat":"","ocean_post_title_bg_image_size":"","ocean_post_title_height":0,"ocean_post_title_bg_overlay":0.5,"ocean_post_title_bg_overlay_color":"","ocean_disable_breadcrumbs":"default","ocean_breadcrumbs_color":"","ocean_breadcrumbs_separator_color":"","ocean_breadcrumbs_links_color":"","ocean_breadcrumbs_links_hover_color":"","ocean_display_footer_widgets":"default","ocean_display_footer_bottom":"default","ocean_custom_footer_template":""},"uagb_featured_image_src":{"full":["https:\/\/ml0fu7jiyn3s.i.optimole.com\/co-ZpyQ-Z97k8tll\/w:auto\/h:auto\/cb:e6me.59ba\/f:best\/ig:avif\/q:mauto\/id:67ea3e50cf9e9b6584a0d4e59d2bfaba\/directUpload\/Showreel-Gif.gif",400,225,false],"thumbnail":["https:\/\/ml0fu7jiyn3s.i.optimole.com\/co-ZpyQ-Z97k8tll\/w:auto\/h:auto\/g:ce\/rt:fill\/cb:e6me.59ba\/f:best\/ig:avif\/q:mauto\/id:67ea3e50cf9e9b6584a0d4e59d2bfaba\/directUpload\/Showreel-Gif.gif",150,150,true],"medium":["https:\/\/ml0fu7jiyn3s.i.optimole.com\/co-ZpyQ-Z97k8tll\/w:auto\/h:auto\/cb:e6me.59ba\/f:best\/ig:avif\/q:mauto\/id:67ea3e50cf9e9b6584a0d4e59d2bfaba\/directUpload\/Showreel-Gif.gif",300,300,false],"medium_large":["https:\/\/ml0fu7jiyn3s.i.optimole.com\/co-ZpyQ-Z97k8tll\/w:auto\/h:auto\/cb:e6me.59ba\/f:best\/ig:avif\/q:mauto\/id:67ea3e50cf9e9b6584a0d4e59d2bfaba\/directUpload\/Showreel-Gif.gif",768,0,false],"large":["https:\/\/ml0fu7jiyn3s.i.optimole.com\/co-ZpyQ-Z97k8tll\/w:auto\/h:auto\/cb:e6me.59ba\/f:best\/ig:avif\/q:mauto\/id:67ea3e50cf9e9b6584a0d4e59d2bfaba\/directUpload\/Showreel-Gif.gif",1024,1024,false],"1536x1536":["https:\/\/ml0fu7jiyn3s.i.optimole.com\/co-ZpyQ-Z97k8tll\/w:auto\/h:auto\/cb:e6me.59ba\/f:best\/ig:avif\/q:mauto\/id:67ea3e50cf9e9b6584a0d4e59d2bfaba\/directUpload\/Showreel-Gif.gif",1536,1536,false],"2048x2048":["https:\/\/ml0fu7jiyn3s.i.optimole.com\/co-ZpyQ-Z97k8tll\/w:auto\/h:auto\/cb:e6me.59ba\/f:best\/ig:avif\/q:mauto\/id:67ea3e50cf9e9b6584a0d4e59d2bfaba\/directUpload\/Showreel-Gif.gif",2048,2048,false],"trp-custom-language-flag":["https:\/\/ml0fu7jiyn3s.i.optimole.com\/co-ZpyQ-Z97k8tll\/w:auto\/h:auto\/cb:e6me.59ba\/f:best\/ig:avif\/q:mauto\/id:67ea3e50cf9e9b6584a0d4e59d2bfaba\/directUpload\/Showreel-Gif.gif",18,12,false],"ocean-thumb-m":["https:\/\/ml0fu7jiyn3s.i.optimole.com\/co-ZpyQ-Z97k8tll\/w:auto\/h:auto\/g:ce\/rt:fill\/cb:e6me.59ba\/f:best\/ig:avif\/q:mauto\/id:67ea3e50cf9e9b6584a0d4e59d2bfaba\/directUpload\/Showreel-Gif.gif",600,600,true],"ocean-thumb-ml":["https:\/\/ml0fu7jiyn3s.i.optimole.com\/co-ZpyQ-Z97k8tll\/w:auto\/h:auto\/g:ce\/rt:fill\/cb:e6me.59ba\/f:best\/ig:avif\/q:mauto\/id:67ea3e50cf9e9b6584a0d4e59d2bfaba\/directUpload\/Showreel-Gif.gif",800,450,true],"ocean-thumb-l":["https:\/\/ml0fu7jiyn3s.i.optimole.com\/co-ZpyQ-Z97k8tll\/w:auto\/h:auto\/g:ce\/rt:fill\/cb:e6me.59ba\/f:best\/ig:avif\/q:mauto\/id:67ea3e50cf9e9b6584a0d4e59d2bfaba\/directUpload\/Showreel-Gif.gif",1200,700,true]},"uagb_author_info":{"display_name":"Chenar","author_link":"https:\/\/www.quentindupressoir.fr\/en\/author\/chenar\/"},"uagb_comment_info":0,"uagb_excerpt":"Showreel Ce showreel met en lumi\u00e8re les projets sur lesquels j&rsquo;ai travaill\u00e9 au cours des cinq derni\u00e8res ann\u00e9es, alliant cr\u00e9ations professionnelles r\u00e9alis\u00e9es au sein de diverses entreprises et projets personnels et acad\u00e9miques. Il refl\u00e8te ma polyvalence, mon \u00e9volution cr\u00e9ative et ma passion pour le design et le motion design, illustrant mon engagement envers l&rsquo;excellence et&hellip;","_links":{"self":[{"href":"https:\/\/www.quentindupressoir.fr\/en\/wp-json\/wp\/v2\/pages\/2424"}],"collection":[{"href":"https:\/\/www.quentindupressoir.fr\/en\/wp-json\/wp\/v2\/pages"}],"about":[{"href":"https:\/\/www.quentindupressoir.fr\/en\/wp-json\/wp\/v2\/types\/page"}],"author":[{"embeddable":true,"href":"https:\/\/www.quentindupressoir.fr\/en\/wp-json\/wp\/v2\/users\/1"}],"replies":[{"embeddable":true,"href":"https:\/\/www.quentindupressoir.fr\/en\/wp-json\/wp\/v2\/comments?post=2424"}],"version-history":[{"count":1,"href":"https:\/\/www.quentindupressoir.fr\/en\/wp-json\/wp\/v2\/pages\/2424\/revisions"}],"predecessor-version":[{"id":2425,"href":"https:\/\/www.quentindupressoir.fr\/en\/wp-json\/wp\/v2\/pages\/2424\/revisions\/2425"}],"wp:featuredmedia":[{"embeddable":true,"href":"https:\/\/www.quentindupressoir.fr\/en\/wp-json\/wp\/v2\/media\/2334"}],"wp:attachment":[{"href":"https:\/\/www.quentindupressoir.fr\/en\/wp-json\/wp\/v2\/media?parent=2424"}],"curies":[{"name":"wp","href":"https:\/\/api.w.org\/{rel}","templated":true}]}}